{"id":2287,"date":"2025-05-11T16:37:21","date_gmt":"2025-05-11T14:37:21","guid":{"rendered":"https:\/\/lesbullesdor.ch\/?page_id=2287"},"modified":"2025-05-28T17:59:04","modified_gmt":"2025-05-28T15:59:04","slug":"carabinieri-champagne-cuvee","status":"publish","type":"page","link":"https:\/\/lesbullesdor.ch\/en\/carabinieri-champagne-cuvee\/","title":{"rendered":"Carabinieri Champagne Cuv\u00e9e"},"content":{"rendered":"\t\t<div data-elementor-type=\"wp-page\" data-elementor-id=\"2287\" class=\"elementor elementor-2287 elementor-818\" data-elementor-post-type=\"page\">\n\t\t\t\t<div class=\"elementor-element elementor-element-be835d3 e-con-full e-flex e-con e-parent\" data-id=\"be835d3\" data-element_type=\"container\">\n\t\t<div class=\"elementor-element elementor-element-2f33eb2 e-con-full e-flex elementor-invisible e-con e-child\" data-id=\"2f33eb2\" data-element_type=\"container\" data-settings=\"{&quot;background_background&quot;:&quot;video&quot;,&quot;animation&quot;:&quot;slideInLeft&quot;,&quot;background_video_link&quot;:&quot;https:\\\/\\\/lesbullesdor.ch\\\/wp-content\\\/uploads\\\/2025\\\/05\\\/video-7-1.mp4&quot;,&quot;background_play_on_mobile&quot;:&quot;yes&quot;}\">\n\t\t<div class=\"elementor-background-video-container\">\n\t\t\t\t\t\t\t<video class=\"elementor-background-video-hosted\" autoplay muted playsinline loop><\/video>\n\t\t\t\t\t<\/div>\t\t<\/div>\n\t\t<div class=\"elementor-element elementor-element-dbdfc69 e-con-full e-flex e-con e-child\" data-id=\"dbdfc69\" data-element_type=\"container\">\n\t\t<div class=\"elementor-element elementor-element-dceb5c5 e-flex e-con-boxed e-con e-child\" data-id=\"dceb5c5\" data-element_type=\"container\">\n\t\t\t\t\t<div class=\"e-con-inner\">\n\t\t\t\t<div class=\"elementor-element elementor-element-ba1e5b7 animated-slow elementor-invisible elementor-widget elementor-widget-heading\" data-id=\"ba1e5b7\" data-element_type=\"widget\" data-settings=\"{&quot;_animation&quot;:&quot;fadeInDown&quot;,&quot;_animation_delay&quot;:600}\" data-widget_type=\"heading.default\">\n\t\t\t\t<div class=\"elementor-widget-container\">\n\t\t\t\t\t<h1 class=\"elementor-heading-title elementor-size-default\">Champagne Cuv\u00e9e<\/h1>\t\t\t\t<\/div>\n\t\t\t\t<\/div>\n\t\t\t\t<div class=\"elementor-element elementor-element-fbbfe93 elementor-invisible elementor-widget elementor-widget-heading\" data-id=\"fbbfe93\" data-element_type=\"widget\" data-settings=\"{&quot;_animation&quot;:&quot;fadeInUp&quot;,&quot;_animation_delay&quot;:1400}\" data-widget_type=\"heading.default\">\n\t\t\t\t<div class=\"elementor-widget-container\">\n\t\t\t\t\t<h2 class=\"elementor-heading-title elementor-size-default\">of the Prince of Monaco's Carabinieri<\/h2>\t\t\t\t<\/div>\n\t\t\t\t<\/div>\n\t\t\t\t<div class=\"elementor-element elementor-element-f239db6 elementor-invisible elementor-widget elementor-widget-text-editor\" data-id=\"f239db6\" data-element_type=\"widget\" data-settings=\"{&quot;_animation&quot;:&quot;fadeInUp&quot;}\" data-widget_type=\"text-editor.default\">\n\t\t\t\t<div class=\"elementor-widget-container\">\n\t\t\t\t\t\t\t\t\t<p>Sourced from the renowned terroirs of \u00c9toges and Courtemont-Varennes, the grapes are pressed separately on a traditional Coquart press, guaranteeing optimal quality from the very first stages of production. After vinification in stainless steel vats and careful blending in January, the cuv\u00e9e rests patiently for 3 years on lees in the cellar, to reveal all its aromatic richness.<\/p>\t\t\t\t\t\t\t\t<\/div>\n\t\t\t\t<\/div>\n\t\t\t\t<div class=\"elementor-element elementor-element-ee6e31c elementor-invisible elementor-widget elementor-widget-image\" data-id=\"ee6e31c\" data-element_type=\"widget\" data-settings=\"{&quot;_animation&quot;:&quot;fadeInUp&quot;}\" data-widget_type=\"image.default\">\n\t\t\t\t<div class=\"elementor-widget-container\">\n\t\t\t\t\t\t\t\t\t\t\t\t\t\t\t<img fetchpriority=\"high\" decoding=\"async\" width=\"600\" height=\"232\" src=\"https:\/\/lesbullesdor.ch\/wp-content\/uploads\/2025\/05\/monaco-1.png\" class=\"attachment-large size-large wp-image-2214\" alt=\"Les Carabiniers du Prince de Monaco\" srcset=\"https:\/\/lesbullesdor.ch\/wp-content\/uploads\/2025\/05\/monaco-1.png 600w, https:\/\/lesbullesdor.ch\/wp-content\/uploads\/2025\/05\/monaco-1-300x116.png 300w\" sizes=\"(max-width: 600px) 100vw, 600px\" \/>\t\t\t\t\t\t\t\t\t\t\t\t\t\t\t<\/div>\n\t\t\t\t<\/div>\n\t\t\t\t\t<\/div>\n\t\t\t\t<\/div>\n\t\t\t\t<\/div>\n\t\t\t\t<\/div>\n\t\t<div class=\"elementor-element elementor-element-7d59371 e-con-full e-flex e-con e-parent\" data-id=\"7d59371\" data-element_type=\"container\" data-settings=\"{&quot;background_background&quot;:&quot;classic&quot;,&quot;background_motion_fx_motion_fx_scrolling&quot;:&quot;yes&quot;,&quot;background_motion_fx_translateY_effect&quot;:&quot;yes&quot;,&quot;background_motion_fx_translateY_direction&quot;:&quot;negative&quot;,&quot;background_motion_fx_translateY_speed&quot;:{&quot;unit&quot;:&quot;px&quot;,&quot;size&quot;:6,&quot;sizes&quot;:[]},&quot;background_motion_fx_translateY_affectedRange&quot;:{&quot;unit&quot;:&quot;%&quot;,&quot;size&quot;:&quot;&quot;,&quot;sizes&quot;:{&quot;start&quot;:0,&quot;end&quot;:100}},&quot;background_motion_fx_devices&quot;:[&quot;desktop&quot;,&quot;tablet&quot;,&quot;mobile&quot;]}\">\n\t\t<div class=\"elementor-element elementor-element-041768c e-con-full e-flex e-con e-child\" data-id=\"041768c\" data-element_type=\"container\">\n\t\t\t\t<div class=\"elementor-element elementor-element-54ce825 animated-slow elementor-invisible elementor-widget elementor-widget-heading\" data-id=\"54ce825\" data-element_type=\"widget\" data-settings=\"{&quot;_animation&quot;:&quot;fadeIn&quot;}\" data-widget_type=\"heading.default\">\n\t\t\t\t<div class=\"elementor-widget-container\">\n\t\t\t\t\t<h2 class=\"elementor-heading-title elementor-size-default\">Technical Data<\/h2>\t\t\t\t<\/div>\n\t\t\t\t<\/div>\n\t\t\t\t<div class=\"elementor-element elementor-element-2f90a4f animated-slow elementor-invisible elementor-widget elementor-widget-text-editor\" data-id=\"2f90a4f\" data-element_type=\"widget\" data-settings=\"{&quot;_animation&quot;:&quot;fadeIn&quot;}\" data-widget_type=\"text-editor.default\">\n\t\t\t\t<div class=\"elementor-widget-container\">\n\t\t\t\t\t\t\t\t\t<p><strong>Appellation<\/strong>: Champagne<br \/><strong>Vintage :<\/strong> R\u00e9serve Brut<br \/><strong>Dosage :<\/strong> 10g\/L (Crude)<br \/><strong>Grape varieties:<\/strong> 80 % Pinot Meunier, 10 % Pinot Noir, 10 % Chardonnay<br \/><strong>Pressing:<\/strong> Traditional, separate grape varieties (Coquart 4000 kg press)<br \/><strong>Vinification :<\/strong> Stainless steel tanks, assembly in January<br \/><strong>Aging:<\/strong> 3 years on lees, bottled in April<\/p>\t\t\t\t\t\t\t\t<\/div>\n\t\t\t\t<\/div>\n\t\t\t\t<div class=\"elementor-element elementor-element-070f08f animated-slow elementor-invisible elementor-widget elementor-widget-heading\" data-id=\"070f08f\" data-element_type=\"widget\" data-settings=\"{&quot;_animation&quot;:&quot;fadeIn&quot;}\" data-widget_type=\"heading.default\">\n\t\t\t\t<div class=\"elementor-widget-container\">\n\t\t\t\t\t<h2 class=\"elementor-heading-title elementor-size-default\">Tasting Notes:<\/h2>\t\t\t\t<\/div>\n\t\t\t\t<\/div>\n\t\t\t\t<div class=\"elementor-element elementor-element-72bdbeb animated-slow elementor-invisible elementor-widget elementor-widget-text-editor\" data-id=\"72bdbeb\" data-element_type=\"widget\" data-settings=\"{&quot;_animation&quot;:&quot;fadeIn&quot;}\" data-widget_type=\"text-editor.default\">\n\t\t\t\t<div class=\"elementor-widget-container\">\n\t\t\t\t\t\t\t\t\t<p><strong>Appearance:<\/strong> Beautiful golden yellow color with bright, sparkling highlights<br \/><strong>Nose:<\/strong> Elegant and airy, blending white flowers, citrus zest, and a hint of vine blossom<br \/><strong>Palate:<\/strong> Balanced, full-bodied, and lively, with a long, flavorful finish<br \/><strong>Pairing &amp; Service:<\/strong> Serve chilled, between <strong>7 and 8\u00b0C<\/strong>, ideally <strong>as an aperitif<\/strong>. Sublime with <strong>refined appetizers<\/strong> or <strong>delicately savory cakes<\/strong>, this champagne is perfect for celebrating special moments as well as the small pleasures of everyday life.<\/p>\t\t\t\t\t\t\t\t<\/div>\n\t\t\t\t<\/div>\n\t\t\t\t<div class=\"elementor-element elementor-element-79488c1 elementor-tablet-align-center elementor-widget elementor-widget-button\" data-id=\"79488c1\" data-element_type=\"widget\" data-widget_type=\"button.default\">\n\t\t\t\t<div class=\"elementor-widget-container\">\n\t\t\t\t\t\t\t\t\t<div class=\"elementor-button-wrapper\">\n\t\t\t\t\t<a class=\"elementor-button elementor-button-link elementor-size-sm\" href=\"https:\/\/lesbullesdor.ch\/en\/contact\/\">\n\t\t\t\t\t\t<span class=\"elementor-button-content-wrapper\">\n\t\t\t\t\t\t\t\t\t<span class=\"elementor-button-text\">Contact us<\/span>\n\t\t\t\t\t<\/span>\n\t\t\t\t\t<\/a>\n\t\t\t\t<\/div>\n\t\t\t\t\t\t\t\t<\/div>\n\t\t\t\t<\/div>\n\t\t\t\t<\/div>\n\t\t<div class=\"elementor-element elementor-element-77aff2f e-con-full e-flex e-con e-child\" data-id=\"77aff2f\" data-element_type=\"container\">\n\t\t\t\t<div class=\"elementor-element elementor-element-94aae13 elementor-widget__width-auto elementor-invisible elementor-widget elementor-widget-image\" data-id=\"94aae13\" data-element_type=\"widget\" data-settings=\"{&quot;_animation&quot;:&quot;fadeInUp&quot;}\" data-widget_type=\"image.default\">\n\t\t\t\t<div class=\"elementor-widget-container\">\n\t\t\t\t\t\t\t\t\t\t\t\t\t\t\t<img decoding=\"async\" width=\"600\" height=\"684\" src=\"https:\/\/lesbullesdor.ch\/wp-content\/uploads\/2025\/05\/Champagne-Cuvee-des-Carabiniers-6.png\" class=\"attachment-full size-full wp-image-2224\" alt=\"Champagne Cuv\u00e9e des Carabiniers Du Prince De Monaco\" srcset=\"https:\/\/lesbullesdor.ch\/wp-content\/uploads\/2025\/05\/Champagne-Cuvee-des-Carabiniers-6.png 600w, https:\/\/lesbullesdor.ch\/wp-content\/uploads\/2025\/05\/Champagne-Cuvee-des-Carabiniers-6-263x300.png 263w\" sizes=\"(max-width: 600px) 100vw, 600px\" \/>\t\t\t\t\t\t\t\t\t\t\t\t\t\t\t<\/div>\n\t\t\t\t<\/div>\n\t\t\t\t<\/div>\n\t\t\t\t<\/div>\n\t\t\t\t<\/div>\n\t\t","protected":false},"excerpt":{"rendered":"<p>Champagne Cuv\u00e9e of the Prince of Monaco&#8217;s Carabinieri Sourced from the renowned terroirs of \u00c9toges and Courtemont-Varennes, the grapes are pressed separately on a traditional Coquart press, guaranteeing optimal quality from the very first stages of production. After vinification in stainless steel vats and careful blending in January, the cuv\u00e9e rests patiently for 3 years [&hellip;]<\/p>\n","protected":false},"author":1,"featured_media":0,"parent":0,"menu_order":0,"comment_status":"closed","ping_status":"closed","template":"","meta":{"footnotes":""},"class_list":["post-2287","page","type-page","status-publish","hentry"],"yoast_head":"<!-- This site is optimized with the Yoast SEO plugin v25.3 - https:\/\/yoast.com\/wordpress\/plugins\/seo\/ -->\n<title>Carabinieri Champagne Cuv\u00e9e - Les Bulles d&#039;Or SA<\/title>\n<meta name=\"robots\" content=\"index, follow, max-snippet:-1, max-image-preview:large, max-video-preview:-1\" \/>\n<link rel=\"canonical\" href=\"https:\/\/lesbullesdor.ch\/champagne-cuvee-des-carabiniers\/\" \/>\n<meta property=\"og:locale\" content=\"en_US\" \/>\n<meta property=\"og:type\" content=\"article\" \/>\n<meta property=\"og:title\" content=\"Carabinieri Champagne Cuv\u00e9e - Les Bulles d&#039;Or SA\" \/>\n<meta property=\"og:description\" content=\"Champagne Cuv\u00e9e of the Prince of Monaco&#8217;s Carabinieri Sourced from the renowned terroirs of \u00c9toges and Courtemont-Varennes, the grapes are pressed separately on a traditional Coquart press, guaranteeing optimal quality from the very first stages of production. After vinification in stainless steel vats and careful blending in January, the cuv\u00e9e rests patiently for 3 years [&hellip;]\" \/>\n<meta property=\"og:url\" content=\"https:\/\/lesbullesdor.ch\/champagne-cuvee-des-carabiniers\/\" \/>\n<meta property=\"og:site_name\" content=\"Les Bulles d&#039;Or SA\" \/>\n<meta property=\"article:modified_time\" content=\"2025-05-28T15:59:04+00:00\" \/>\n<meta property=\"og:image\" content=\"https:\/\/lesbullesdor.ch\/wp-content\/uploads\/2025\/05\/monaco-1.png\" \/>\n<meta name=\"twitter:card\" content=\"summary_large_image\" \/>\n<meta name=\"twitter:label1\" content=\"Est. reading time\" \/>\n\t<meta name=\"twitter:data1\" content=\"1 minute\" \/>\n<script type=\"application\/ld+json\" class=\"yoast-schema-graph\">{\"@context\":\"https:\/\/schema.org\",\"@graph\":[{\"@type\":\"WebPage\",\"@id\":\"https:\/\/lesbullesdor.ch\/champagne-cuvee-des-carabiniers\/\",\"url\":\"https:\/\/lesbullesdor.ch\/champagne-cuvee-des-carabiniers\/\",\"name\":\"Carabinieri Champagne Cuv\u00e9e - Les Bulles d&#039;Or SA\",\"isPartOf\":{\"@id\":\"https:\/\/lesbullesdor.ch\/#website\"},\"primaryImageOfPage\":{\"@id\":\"https:\/\/lesbullesdor.ch\/champagne-cuvee-des-carabiniers\/#primaryimage\"},\"image\":{\"@id\":\"https:\/\/lesbullesdor.ch\/champagne-cuvee-des-carabiniers\/#primaryimage\"},\"thumbnailUrl\":\"https:\/\/lesbullesdor.ch\/wp-content\/uploads\/2025\/05\/monaco-1.png\",\"datePublished\":\"2025-05-11T14:37:21+00:00\",\"dateModified\":\"2025-05-28T15:59:04+00:00\",\"breadcrumb\":{\"@id\":\"https:\/\/lesbullesdor.ch\/champagne-cuvee-des-carabiniers\/#breadcrumb\"},\"inLanguage\":\"en-US\",\"potentialAction\":[{\"@type\":\"ReadAction\",\"target\":[\"https:\/\/lesbullesdor.ch\/champagne-cuvee-des-carabiniers\/\"]}]},{\"@type\":\"ImageObject\",\"inLanguage\":\"en-US\",\"@id\":\"https:\/\/lesbullesdor.ch\/champagne-cuvee-des-carabiniers\/#primaryimage\",\"url\":\"https:\/\/lesbullesdor.ch\/wp-content\/uploads\/2025\/05\/monaco-1.png\",\"contentUrl\":\"https:\/\/lesbullesdor.ch\/wp-content\/uploads\/2025\/05\/monaco-1.png\"},{\"@type\":\"BreadcrumbList\",\"@id\":\"https:\/\/lesbullesdor.ch\/champagne-cuvee-des-carabiniers\/#breadcrumb\",\"itemListElement\":[{\"@type\":\"ListItem\",\"position\":1,\"name\":\"Home\",\"item\":\"https:\/\/lesbullesdor.ch\/\"},{\"@type\":\"ListItem\",\"position\":2,\"name\":\"Carabinieri Champagne Cuv\u00e9e\"}]},{\"@type\":\"WebSite\",\"@id\":\"https:\/\/lesbullesdor.ch\/#website\",\"url\":\"https:\/\/lesbullesdor.ch\/\",\"name\":\"Les Bulles d'Or SA\",\"description\":\"Les Bulles d&#039;Or SA\",\"publisher\":{\"@id\":\"https:\/\/lesbullesdor.ch\/#organization\"},\"potentialAction\":[{\"@type\":\"SearchAction\",\"target\":{\"@type\":\"EntryPoint\",\"urlTemplate\":\"https:\/\/lesbullesdor.ch\/?s={search_term_string}\"},\"query-input\":{\"@type\":\"PropertyValueSpecification\",\"valueRequired\":true,\"valueName\":\"search_term_string\"}}],\"inLanguage\":\"en-US\"},{\"@type\":\"Organization\",\"@id\":\"https:\/\/lesbullesdor.ch\/#organization\",\"name\":\"Les Bulles d'Or SA\",\"url\":\"https:\/\/lesbullesdor.ch\/\",\"logo\":{\"@type\":\"ImageObject\",\"inLanguage\":\"en-US\",\"@id\":\"https:\/\/lesbullesdor.ch\/#\/schema\/logo\/image\/\",\"url\":\"https:\/\/lesbullesdor.ch\/wp-content\/uploads\/2025\/05\/Les-Bulles-dOr-SA.png\",\"contentUrl\":\"https:\/\/lesbullesdor.ch\/wp-content\/uploads\/2025\/05\/Les-Bulles-dOr-SA.png\",\"width\":300,\"height\":301,\"caption\":\"Les Bulles d'Or SA\"},\"image\":{\"@id\":\"https:\/\/lesbullesdor.ch\/#\/schema\/logo\/image\/\"}}]}<\/script>\n<!-- \/ Yoast SEO plugin. -->","yoast_head_json":{"title":"Carabinieri Champagne Cuv\u00e9e - Les Bulles d&#039;Or SA","robots":{"index":"index","follow":"follow","max-snippet":"max-snippet:-1","max-image-preview":"max-image-preview:large","max-video-preview":"max-video-preview:-1"},"canonical":"https:\/\/lesbullesdor.ch\/champagne-cuvee-des-carabiniers\/","og_locale":"en_US","og_type":"article","og_title":"Carabinieri Champagne Cuv\u00e9e - Les Bulles d&#039;Or SA","og_description":"Champagne Cuv\u00e9e of the Prince of Monaco&#8217;s Carabinieri Sourced from the renowned terroirs of \u00c9toges and Courtemont-Varennes, the grapes are pressed separately on a traditional Coquart press, guaranteeing optimal quality from the very first stages of production. After vinification in stainless steel vats and careful blending in January, the cuv\u00e9e rests patiently for 3 years [&hellip;]","og_url":"https:\/\/lesbullesdor.ch\/champagne-cuvee-des-carabiniers\/","og_site_name":"Les Bulles d&#039;Or SA","article_modified_time":"2025-05-28T15:59:04+00:00","og_image":[{"url":"https:\/\/lesbullesdor.ch\/wp-content\/uploads\/2025\/05\/monaco-1.png","type":"","width":"","height":""}],"twitter_card":"summary_large_image","twitter_misc":{"Est. reading time":"1 minute"},"schema":{"@context":"https:\/\/schema.org","@graph":[{"@type":"WebPage","@id":"https:\/\/lesbullesdor.ch\/champagne-cuvee-des-carabiniers\/","url":"https:\/\/lesbullesdor.ch\/champagne-cuvee-des-carabiniers\/","name":"Carabinieri Champagne Cuv\u00e9e - Les Bulles d&#039;Or SA","isPartOf":{"@id":"https:\/\/lesbullesdor.ch\/#website"},"primaryImageOfPage":{"@id":"https:\/\/lesbullesdor.ch\/champagne-cuvee-des-carabiniers\/#primaryimage"},"image":{"@id":"https:\/\/lesbullesdor.ch\/champagne-cuvee-des-carabiniers\/#primaryimage"},"thumbnailUrl":"https:\/\/lesbullesdor.ch\/wp-content\/uploads\/2025\/05\/monaco-1.png","datePublished":"2025-05-11T14:37:21+00:00","dateModified":"2025-05-28T15:59:04+00:00","breadcrumb":{"@id":"https:\/\/lesbullesdor.ch\/champagne-cuvee-des-carabiniers\/#breadcrumb"},"inLanguage":"en-US","potentialAction":[{"@type":"ReadAction","target":["https:\/\/lesbullesdor.ch\/champagne-cuvee-des-carabiniers\/"]}]},{"@type":"ImageObject","inLanguage":"en-US","@id":"https:\/\/lesbullesdor.ch\/champagne-cuvee-des-carabiniers\/#primaryimage","url":"https:\/\/lesbullesdor.ch\/wp-content\/uploads\/2025\/05\/monaco-1.png","contentUrl":"https:\/\/lesbullesdor.ch\/wp-content\/uploads\/2025\/05\/monaco-1.png"},{"@type":"BreadcrumbList","@id":"https:\/\/lesbullesdor.ch\/champagne-cuvee-des-carabiniers\/#breadcrumb","itemListElement":[{"@type":"ListItem","position":1,"name":"Home","item":"https:\/\/lesbullesdor.ch\/"},{"@type":"ListItem","position":2,"name":"Carabinieri Champagne Cuv\u00e9e"}]},{"@type":"WebSite","@id":"https:\/\/lesbullesdor.ch\/#website","url":"https:\/\/lesbullesdor.ch\/","name":"Les Bulles d'Or SA","description":"Les Bulles d&#039;Or SA","publisher":{"@id":"https:\/\/lesbullesdor.ch\/#organization"},"potentialAction":[{"@type":"SearchAction","target":{"@type":"EntryPoint","urlTemplate":"https:\/\/lesbullesdor.ch\/?s={search_term_string}"},"query-input":{"@type":"PropertyValueSpecification","valueRequired":true,"valueName":"search_term_string"}}],"inLanguage":"en-US"},{"@type":"Organization","@id":"https:\/\/lesbullesdor.ch\/#organization","name":"Les Bulles d'Or SA","url":"https:\/\/lesbullesdor.ch\/","logo":{"@type":"ImageObject","inLanguage":"en-US","@id":"https:\/\/lesbullesdor.ch\/#\/schema\/logo\/image\/","url":"https:\/\/lesbullesdor.ch\/wp-content\/uploads\/2025\/05\/Les-Bulles-dOr-SA.png","contentUrl":"https:\/\/lesbullesdor.ch\/wp-content\/uploads\/2025\/05\/Les-Bulles-dOr-SA.png","width":300,"height":301,"caption":"Les Bulles d'Or SA"},"image":{"@id":"https:\/\/lesbullesdor.ch\/#\/schema\/logo\/image\/"}}]}},"_links":{"self":[{"href":"https:\/\/lesbullesdor.ch\/en\/wp-json\/wp\/v2\/pages\/2287","targetHints":{"allow":["GET"]}}],"collection":[{"href":"https:\/\/lesbullesdor.ch\/en\/wp-json\/wp\/v2\/pages"}],"about":[{"href":"https:\/\/lesbullesdor.ch\/en\/wp-json\/wp\/v2\/types\/page"}],"author":[{"embeddable":true,"href":"https:\/\/lesbullesdor.ch\/en\/wp-json\/wp\/v2\/users\/1"}],"replies":[{"embeddable":true,"href":"https:\/\/lesbullesdor.ch\/en\/wp-json\/wp\/v2\/comments?post=2287"}],"version-history":[{"count":0,"href":"https:\/\/lesbullesdor.ch\/en\/wp-json\/wp\/v2\/pages\/2287\/revisions"}],"wp:attachment":[{"href":"https:\/\/lesbullesdor.ch\/en\/wp-json\/wp\/v2\/media?parent=2287"}],"curies":[{"name":"wp","href":"https:\/\/api.w.org\/{rel}","templated":true}]}}