{"id":2301,"date":"2025-05-10T15:35:19","date_gmt":"2025-05-10T13:35:19","guid":{"rendered":"https:\/\/lesbullesdor.ch\/?page_id=2301"},"modified":"2025-05-28T18:01:35","modified_gmt":"2025-05-28T16:01:35","slug":"carabinieri-red-wine","status":"publish","type":"page","link":"https:\/\/lesbullesdor.ch\/en\/carabinieri-red-wine\/","title":{"rendered":"Carabinieri Red Wine"},"content":{"rendered":"\t\t<div data-elementor-type=\"wp-page\" data-elementor-id=\"2301\" class=\"elementor elementor-2301 elementor-12\" data-elementor-post-type=\"page\">\n\t\t\t\t<div class=\"elementor-element elementor-element-194736c e-con-full e-flex e-con e-parent\" data-id=\"194736c\" data-element_type=\"container\">\n\t\t<div class=\"elementor-element elementor-element-7933524 e-con-full e-flex elementor-invisible e-con e-child\" data-id=\"7933524\" data-element_type=\"container\" data-settings=\"{&quot;background_background&quot;:&quot;video&quot;,&quot;animation&quot;:&quot;slideInLeft&quot;,&quot;background_video_link&quot;:&quot;https:\\\/\\\/lesbullesdor.ch\\\/wp-content\\\/uploads\\\/2025\\\/05\\\/video-2.mp4&quot;,&quot;background_play_on_mobile&quot;:&quot;yes&quot;}\">\n\t\t<div class=\"elementor-background-video-container\">\n\t\t\t\t\t\t\t<video class=\"elementor-background-video-hosted\" autoplay muted playsinline loop><\/video>\n\t\t\t\t\t<\/div>\t\t<\/div>\n\t\t<div class=\"elementor-element elementor-element-ffbef53 e-con-full e-flex e-con e-child\" data-id=\"ffbef53\" data-element_type=\"container\">\n\t\t<div class=\"elementor-element elementor-element-a9d9ba5 e-flex e-con-boxed e-con e-child\" data-id=\"a9d9ba5\" data-element_type=\"container\">\n\t\t\t\t\t<div class=\"e-con-inner\">\n\t\t\t\t<div class=\"elementor-element elementor-element-314932c animated-slow elementor-invisible elementor-widget elementor-widget-heading\" data-id=\"314932c\" data-element_type=\"widget\" data-settings=\"{&quot;_animation&quot;:&quot;fadeInDown&quot;,&quot;_animation_delay&quot;:600}\" data-widget_type=\"heading.default\">\n\t\t\t\t<div class=\"elementor-widget-container\">\n\t\t\t\t\t<h1 class=\"elementor-heading-title elementor-size-default\">Red Wine<\/h1>\t\t\t\t<\/div>\n\t\t\t\t<\/div>\n\t\t\t\t<div class=\"elementor-element elementor-element-35ac5f5 elementor-invisible elementor-widget elementor-widget-heading\" data-id=\"35ac5f5\" data-element_type=\"widget\" data-settings=\"{&quot;_animation&quot;:&quot;fadeInDown&quot;,&quot;_animation_delay&quot;:1400}\" data-widget_type=\"heading.default\">\n\t\t\t\t<div class=\"elementor-widget-container\">\n\t\t\t\t\t<h2 class=\"elementor-heading-title elementor-size-default\">of the Prince of Monaco's Carabinieri<\/h2>\t\t\t\t<\/div>\n\t\t\t\t<\/div>\n\t\t\t\t<div class=\"elementor-element elementor-element-0395147 elementor-invisible elementor-widget elementor-widget-text-editor\" data-id=\"0395147\" data-element_type=\"widget\" data-settings=\"{&quot;_animation&quot;:&quot;fadeInUp&quot;}\" data-widget_type=\"text-editor.default\">\n\t\t\t\t<div class=\"elementor-widget-container\">\n\t\t\t\t\t\t\t\t\t<p>Prince De Monaco, Cuv\u00e9e Saint S\u00e9bastien is a C\u00f4tes du Rh\u00f4ne with a magnificent purple color with violet highlights. This wine with aromas of red fruits followed by delicate spicy notes has velvety tannins.<\/p>\t\t\t\t\t\t\t\t<\/div>\n\t\t\t\t<\/div>\n\t\t\t\t<div class=\"elementor-element elementor-element-6fc8233 elementor-invisible elementor-widget elementor-widget-image\" data-id=\"6fc8233\" data-element_type=\"widget\" data-settings=\"{&quot;_animation&quot;:&quot;fadeInUp&quot;}\" data-widget_type=\"image.default\">\n\t\t\t\t<div class=\"elementor-widget-container\">\n\t\t\t\t\t\t\t\t\t\t\t\t\t\t\t<img fetchpriority=\"high\" decoding=\"async\" width=\"600\" height=\"232\" src=\"https:\/\/lesbullesdor.ch\/wp-content\/uploads\/2025\/05\/monaco-1.png\" class=\"attachment-large size-large wp-image-2214\" alt=\"Les Carabiniers du Prince de Monaco\" srcset=\"https:\/\/lesbullesdor.ch\/wp-content\/uploads\/2025\/05\/monaco-1.png 600w, https:\/\/lesbullesdor.ch\/wp-content\/uploads\/2025\/05\/monaco-1-300x116.png 300w\" sizes=\"(max-width: 600px) 100vw, 600px\" \/>\t\t\t\t\t\t\t\t\t\t\t\t\t\t\t<\/div>\n\t\t\t\t<\/div>\n\t\t\t\t\t<\/div>\n\t\t\t\t<\/div>\n\t\t\t\t<\/div>\n\t\t\t\t<\/div>\n\t\t<div class=\"elementor-element elementor-element-97ae3b6 e-flex e-con-boxed e-con e-parent\" data-id=\"97ae3b6\" data-element_type=\"container\">\n\t\t\t\t\t<div class=\"e-con-inner\">\n\t\t<div class=\"elementor-element elementor-element-1ff8ae5 e-con-full e-flex e-con e-child\" data-id=\"1ff8ae5\" data-element_type=\"container\">\n\t\t\t\t<div class=\"elementor-element elementor-element-a7fd950 animated-slow elementor-invisible elementor-widget elementor-widget-heading\" data-id=\"a7fd950\" data-element_type=\"widget\" data-settings=\"{&quot;_animation&quot;:&quot;fadeIn&quot;}\" data-widget_type=\"heading.default\">\n\t\t\t\t<div class=\"elementor-widget-container\">\n\t\t\t\t\t<h2 class=\"elementor-heading-title elementor-size-default\">\nTechnical Data<\/h2>\t\t\t\t<\/div>\n\t\t\t\t<\/div>\n\t\t\t\t<div class=\"elementor-element elementor-element-6b8e93f animated-slow elementor-invisible elementor-widget elementor-widget-text-editor\" data-id=\"6b8e93f\" data-element_type=\"widget\" data-settings=\"{&quot;_animation&quot;:&quot;fadeIn&quot;}\" data-widget_type=\"text-editor.default\">\n\t\t\t\t<div class=\"elementor-widget-container\">\n\t\t\t\t\t\t\t\t\t<p><strong>Vintage:<\/strong> Saint S\u00e9bastien<br \/><strong>Appellation:<\/strong> C\u00f4tes du Rh\u00f4ne<br \/><strong>Composition:<\/strong> 60% Grenache, 30% Syrah, 10% Carignan<br \/><strong>Region:<\/strong> Rh\u00f4ne Valley<br \/><strong>Vinification Method:<\/strong> Traditional<br \/><strong>Alcohol Content:<\/strong> 13.5<br \/><strong>Bottle Type:<\/strong> Burgundy<br \/><strong>Awards:<\/strong> Gold Medal at the Concours G\u00e9n\u00e9ral de Paris<br \/><strong>Ageing:<\/strong> 3 years<\/p>\t\t\t\t\t\t\t\t<\/div>\n\t\t\t\t<\/div>\n\t\t\t\t<div class=\"elementor-element elementor-element-1e3002e animated-slow elementor-invisible elementor-widget elementor-widget-heading\" data-id=\"1e3002e\" data-element_type=\"widget\" data-settings=\"{&quot;_animation&quot;:&quot;fadeIn&quot;}\" data-widget_type=\"heading.default\">\n\t\t\t\t<div class=\"elementor-widget-container\">\n\t\t\t\t\t<h2 class=\"elementor-heading-title elementor-size-default\">Tasting Notes:\n<\/h2>\t\t\t\t<\/div>\n\t\t\t\t<\/div>\n\t\t\t\t<div class=\"elementor-element elementor-element-25bad02 animated-slow elementor-invisible elementor-widget elementor-widget-text-editor\" data-id=\"25bad02\" data-element_type=\"widget\" data-settings=\"{&quot;_animation&quot;:&quot;fadeIn&quot;}\" data-widget_type=\"text-editor.default\">\n\t\t\t\t<div class=\"elementor-widget-container\">\n\t\t\t\t\t\t\t\t\t<p><strong>Appearance:<\/strong> Purple with violet highlights<br \/><strong>Nose:<\/strong> Red fruits<br \/><strong>Palate:<\/strong> Red fruit aromas followed by spicy notes and velvety tannins<br \/><strong>Serving:<\/strong> Serve at <strong>16\u00b0C<\/strong>, to be enjoyed with <strong>grilled meat, charcuterie, or cheese<\/strong><\/p>\t\t\t\t\t\t\t\t<\/div>\n\t\t\t\t<\/div>\n\t\t\t\t<div class=\"elementor-element elementor-element-ffa9dc2 elementor-tablet-align-center elementor-widget elementor-widget-button\" data-id=\"ffa9dc2\" data-element_type=\"widget\" data-widget_type=\"button.default\">\n\t\t\t\t<div class=\"elementor-widget-container\">\n\t\t\t\t\t\t\t\t\t<div class=\"elementor-button-wrapper\">\n\t\t\t\t\t<a class=\"elementor-button elementor-button-link elementor-size-sm\" href=\"https:\/\/lesbullesdor.ch\/en\/contact\/\">\n\t\t\t\t\t\t<span class=\"elementor-button-content-wrapper\">\n\t\t\t\t\t\t\t\t\t<span class=\"elementor-button-text\">Contact us<\/span>\n\t\t\t\t\t<\/span>\n\t\t\t\t\t<\/a>\n\t\t\t\t<\/div>\n\t\t\t\t\t\t\t\t<\/div>\n\t\t\t\t<\/div>\n\t\t\t\t<\/div>\n\t\t<div class=\"elementor-element elementor-element-64faa4c e-con-full e-flex e-con e-child\" data-id=\"64faa4c\" data-element_type=\"container\">\n\t\t\t\t<div class=\"elementor-element elementor-element-a71610f elementor-invisible elementor-widget elementor-widget-image\" data-id=\"a71610f\" data-element_type=\"widget\" data-settings=\"{&quot;_animation&quot;:&quot;fadeInUp&quot;}\" data-widget_type=\"image.default\">\n\t\t\t\t<div class=\"elementor-widget-container\">\n\t\t\t\t\t\t\t\t\t\t\t\t\t\t\t<img decoding=\"async\" width=\"1540\" height=\"1063\" src=\"https:\/\/lesbullesdor.ch\/wp-content\/uploads\/2025\/05\/background-2-1.jpg\" class=\"attachment-full size-full wp-image-2216\" alt=\"Vin Rouge des Carabiniers Du Prince De Monaco\" srcset=\"https:\/\/lesbullesdor.ch\/wp-content\/uploads\/2025\/05\/background-2-1.jpg 1540w, https:\/\/lesbullesdor.ch\/wp-content\/uploads\/2025\/05\/background-2-1-300x207.jpg 300w, https:\/\/lesbullesdor.ch\/wp-content\/uploads\/2025\/05\/background-2-1-1024x707.jpg 1024w, https:\/\/lesbullesdor.ch\/wp-content\/uploads\/2025\/05\/background-2-1-768x530.jpg 768w, https:\/\/lesbullesdor.ch\/wp-content\/uploads\/2025\/05\/background-2-1-1536x1060.jpg 1536w\" sizes=\"(max-width: 1540px) 100vw, 1540px\" \/>\t\t\t\t\t\t\t\t\t\t\t\t\t\t\t<\/div>\n\t\t\t\t<\/div>\n\t\t\t\t<\/div>\n\t\t\t\t\t<\/div>\n\t\t\t\t<\/div>\n\t\t\t\t<\/div>\n\t\t","protected":false},"excerpt":{"rendered":"<p>Red Wine of the Prince of Monaco&#8217;s Carabinieri Prince De Monaco, Cuv\u00e9e Saint S\u00e9bastien is a C\u00f4tes du Rh\u00f4ne with a magnificent purple color with violet highlights. This wine with aromas of red fruits followed by delicate spicy notes has velvety tannins. Technical Data Vintage: Saint S\u00e9bastienAppellation: C\u00f4tes du Rh\u00f4neComposition: 60% Grenache, 30% Syrah, 10% [&hellip;]<\/p>\n","protected":false},"author":1,"featured_media":0,"parent":0,"menu_order":0,"comment_status":"closed","ping_status":"closed","template":"","meta":{"footnotes":""},"class_list":["post-2301","page","type-page","status-publish","hentry"],"yoast_head":"<!-- This site is optimized with the Yoast SEO plugin v25.3 - https:\/\/yoast.com\/wordpress\/plugins\/seo\/ -->\n<title>Carabinieri Red Wine - Les Bulles d&#039;Or SA<\/title>\n<meta name=\"robots\" content=\"index, follow, max-snippet:-1, max-image-preview:large, max-video-preview:-1\" \/>\n<link rel=\"canonical\" href=\"https:\/\/lesbullesdor.ch\/vin-rouge-des-carabiniers\/\" \/>\n<meta property=\"og:locale\" content=\"en_US\" \/>\n<meta property=\"og:type\" content=\"article\" \/>\n<meta property=\"og:title\" content=\"Carabinieri Red Wine - Les Bulles d&#039;Or SA\" \/>\n<meta property=\"og:description\" content=\"Red Wine of the Prince of Monaco&#8217;s Carabinieri Prince De Monaco, Cuv\u00e9e Saint S\u00e9bastien is a C\u00f4tes du Rh\u00f4ne with a magnificent purple color with violet highlights. This wine with aromas of red fruits followed by delicate spicy notes has velvety tannins. Technical Data Vintage: Saint S\u00e9bastienAppellation: C\u00f4tes du Rh\u00f4neComposition: 60% Grenache, 30% Syrah, 10% [&hellip;]\" \/>\n<meta property=\"og:url\" content=\"https:\/\/lesbullesdor.ch\/vin-rouge-des-carabiniers\/\" \/>\n<meta property=\"og:site_name\" content=\"Les Bulles d&#039;Or SA\" \/>\n<meta property=\"article:modified_time\" content=\"2025-05-28T16:01:35+00:00\" \/>\n<meta property=\"og:image\" content=\"https:\/\/lesbullesdor.ch\/wp-content\/uploads\/2025\/05\/monaco-1.png\" \/>\n<meta name=\"twitter:card\" content=\"summary_large_image\" \/>\n<meta name=\"twitter:label1\" content=\"Est. reading time\" \/>\n\t<meta name=\"twitter:data1\" content=\"1 minute\" \/>\n<script type=\"application\/ld+json\" class=\"yoast-schema-graph\">{\"@context\":\"https:\/\/schema.org\",\"@graph\":[{\"@type\":\"WebPage\",\"@id\":\"https:\/\/lesbullesdor.ch\/vin-rouge-des-carabiniers\/\",\"url\":\"https:\/\/lesbullesdor.ch\/vin-rouge-des-carabiniers\/\",\"name\":\"Carabinieri Red Wine - Les Bulles d&#039;Or SA\",\"isPartOf\":{\"@id\":\"https:\/\/lesbullesdor.ch\/#website\"},\"primaryImageOfPage\":{\"@id\":\"https:\/\/lesbullesdor.ch\/vin-rouge-des-carabiniers\/#primaryimage\"},\"image\":{\"@id\":\"https:\/\/lesbullesdor.ch\/vin-rouge-des-carabiniers\/#primaryimage\"},\"thumbnailUrl\":\"https:\/\/lesbullesdor.ch\/wp-content\/uploads\/2025\/05\/monaco-1.png\",\"datePublished\":\"2025-05-10T13:35:19+00:00\",\"dateModified\":\"2025-05-28T16:01:35+00:00\",\"breadcrumb\":{\"@id\":\"https:\/\/lesbullesdor.ch\/vin-rouge-des-carabiniers\/#breadcrumb\"},\"inLanguage\":\"en-US\",\"potentialAction\":[{\"@type\":\"ReadAction\",\"target\":[\"https:\/\/lesbullesdor.ch\/vin-rouge-des-carabiniers\/\"]}]},{\"@type\":\"ImageObject\",\"inLanguage\":\"en-US\",\"@id\":\"https:\/\/lesbullesdor.ch\/vin-rouge-des-carabiniers\/#primaryimage\",\"url\":\"https:\/\/lesbullesdor.ch\/wp-content\/uploads\/2025\/05\/monaco-1.png\",\"contentUrl\":\"https:\/\/lesbullesdor.ch\/wp-content\/uploads\/2025\/05\/monaco-1.png\"},{\"@type\":\"BreadcrumbList\",\"@id\":\"https:\/\/lesbullesdor.ch\/vin-rouge-des-carabiniers\/#breadcrumb\",\"itemListElement\":[{\"@type\":\"ListItem\",\"position\":1,\"name\":\"Home\",\"item\":\"https:\/\/lesbullesdor.ch\/\"},{\"@type\":\"ListItem\",\"position\":2,\"name\":\"Carabinieri Red Wine\"}]},{\"@type\":\"WebSite\",\"@id\":\"https:\/\/lesbullesdor.ch\/#website\",\"url\":\"https:\/\/lesbullesdor.ch\/\",\"name\":\"Les Bulles d'Or SA\",\"description\":\"Les Bulles d&#039;Or SA\",\"publisher\":{\"@id\":\"https:\/\/lesbullesdor.ch\/#organization\"},\"potentialAction\":[{\"@type\":\"SearchAction\",\"target\":{\"@type\":\"EntryPoint\",\"urlTemplate\":\"https:\/\/lesbullesdor.ch\/?s={search_term_string}\"},\"query-input\":{\"@type\":\"PropertyValueSpecification\",\"valueRequired\":true,\"valueName\":\"search_term_string\"}}],\"inLanguage\":\"en-US\"},{\"@type\":\"Organization\",\"@id\":\"https:\/\/lesbullesdor.ch\/#organization\",\"name\":\"Les Bulles d'Or SA\",\"url\":\"https:\/\/lesbullesdor.ch\/\",\"logo\":{\"@type\":\"ImageObject\",\"inLanguage\":\"en-US\",\"@id\":\"https:\/\/lesbullesdor.ch\/#\/schema\/logo\/image\/\",\"url\":\"https:\/\/lesbullesdor.ch\/wp-content\/uploads\/2025\/05\/Les-Bulles-dOr-SA.png\",\"contentUrl\":\"https:\/\/lesbullesdor.ch\/wp-content\/uploads\/2025\/05\/Les-Bulles-dOr-SA.png\",\"width\":300,\"height\":301,\"caption\":\"Les Bulles d'Or SA\"},\"image\":{\"@id\":\"https:\/\/lesbullesdor.ch\/#\/schema\/logo\/image\/\"}}]}<\/script>\n<!-- \/ Yoast SEO plugin. -->","yoast_head_json":{"title":"Carabinieri Red Wine - Les Bulles d&#039;Or SA","robots":{"index":"index","follow":"follow","max-snippet":"max-snippet:-1","max-image-preview":"max-image-preview:large","max-video-preview":"max-video-preview:-1"},"canonical":"https:\/\/lesbullesdor.ch\/vin-rouge-des-carabiniers\/","og_locale":"en_US","og_type":"article","og_title":"Carabinieri Red Wine - Les Bulles d&#039;Or SA","og_description":"Red Wine of the Prince of Monaco&#8217;s Carabinieri Prince De Monaco, Cuv\u00e9e Saint S\u00e9bastien is a C\u00f4tes du Rh\u00f4ne with a magnificent purple color with violet highlights. This wine with aromas of red fruits followed by delicate spicy notes has velvety tannins. Technical Data Vintage: Saint S\u00e9bastienAppellation: C\u00f4tes du Rh\u00f4neComposition: 60% Grenache, 30% Syrah, 10% [&hellip;]","og_url":"https:\/\/lesbullesdor.ch\/vin-rouge-des-carabiniers\/","og_site_name":"Les Bulles d&#039;Or SA","article_modified_time":"2025-05-28T16:01:35+00:00","og_image":[{"url":"https:\/\/lesbullesdor.ch\/wp-content\/uploads\/2025\/05\/monaco-1.png","type":"","width":"","height":""}],"twitter_card":"summary_large_image","twitter_misc":{"Est. reading time":"1 minute"},"schema":{"@context":"https:\/\/schema.org","@graph":[{"@type":"WebPage","@id":"https:\/\/lesbullesdor.ch\/vin-rouge-des-carabiniers\/","url":"https:\/\/lesbullesdor.ch\/vin-rouge-des-carabiniers\/","name":"Carabinieri Red Wine - Les Bulles d&#039;Or SA","isPartOf":{"@id":"https:\/\/lesbullesdor.ch\/#website"},"primaryImageOfPage":{"@id":"https:\/\/lesbullesdor.ch\/vin-rouge-des-carabiniers\/#primaryimage"},"image":{"@id":"https:\/\/lesbullesdor.ch\/vin-rouge-des-carabiniers\/#primaryimage"},"thumbnailUrl":"https:\/\/lesbullesdor.ch\/wp-content\/uploads\/2025\/05\/monaco-1.png","datePublished":"2025-05-10T13:35:19+00:00","dateModified":"2025-05-28T16:01:35+00:00","breadcrumb":{"@id":"https:\/\/lesbullesdor.ch\/vin-rouge-des-carabiniers\/#breadcrumb"},"inLanguage":"en-US","potentialAction":[{"@type":"ReadAction","target":["https:\/\/lesbullesdor.ch\/vin-rouge-des-carabiniers\/"]}]},{"@type":"ImageObject","inLanguage":"en-US","@id":"https:\/\/lesbullesdor.ch\/vin-rouge-des-carabiniers\/#primaryimage","url":"https:\/\/lesbullesdor.ch\/wp-content\/uploads\/2025\/05\/monaco-1.png","contentUrl":"https:\/\/lesbullesdor.ch\/wp-content\/uploads\/2025\/05\/monaco-1.png"},{"@type":"BreadcrumbList","@id":"https:\/\/lesbullesdor.ch\/vin-rouge-des-carabiniers\/#breadcrumb","itemListElement":[{"@type":"ListItem","position":1,"name":"Home","item":"https:\/\/lesbullesdor.ch\/"},{"@type":"ListItem","position":2,"name":"Carabinieri Red Wine"}]},{"@type":"WebSite","@id":"https:\/\/lesbullesdor.ch\/#website","url":"https:\/\/lesbullesdor.ch\/","name":"Les Bulles d'Or SA","description":"Les Bulles d&#039;Or SA","publisher":{"@id":"https:\/\/lesbullesdor.ch\/#organization"},"potentialAction":[{"@type":"SearchAction","target":{"@type":"EntryPoint","urlTemplate":"https:\/\/lesbullesdor.ch\/?s={search_term_string}"},"query-input":{"@type":"PropertyValueSpecification","valueRequired":true,"valueName":"search_term_string"}}],"inLanguage":"en-US"},{"@type":"Organization","@id":"https:\/\/lesbullesdor.ch\/#organization","name":"Les Bulles d'Or SA","url":"https:\/\/lesbullesdor.ch\/","logo":{"@type":"ImageObject","inLanguage":"en-US","@id":"https:\/\/lesbullesdor.ch\/#\/schema\/logo\/image\/","url":"https:\/\/lesbullesdor.ch\/wp-content\/uploads\/2025\/05\/Les-Bulles-dOr-SA.png","contentUrl":"https:\/\/lesbullesdor.ch\/wp-content\/uploads\/2025\/05\/Les-Bulles-dOr-SA.png","width":300,"height":301,"caption":"Les Bulles d'Or SA"},"image":{"@id":"https:\/\/lesbullesdor.ch\/#\/schema\/logo\/image\/"}}]}},"_links":{"self":[{"href":"https:\/\/lesbullesdor.ch\/en\/wp-json\/wp\/v2\/pages\/2301","targetHints":{"allow":["GET"]}}],"collection":[{"href":"https:\/\/lesbullesdor.ch\/en\/wp-json\/wp\/v2\/pages"}],"about":[{"href":"https:\/\/lesbullesdor.ch\/en\/wp-json\/wp\/v2\/types\/page"}],"author":[{"embeddable":true,"href":"https:\/\/lesbullesdor.ch\/en\/wp-json\/wp\/v2\/users\/1"}],"replies":[{"embeddable":true,"href":"https:\/\/lesbullesdor.ch\/en\/wp-json\/wp\/v2\/comments?post=2301"}],"version-history":[{"count":0,"href":"https:\/\/lesbullesdor.ch\/en\/wp-json\/wp\/v2\/pages\/2301\/revisions"}],"wp:attachment":[{"href":"https:\/\/lesbullesdor.ch\/en\/wp-json\/wp\/v2\/media?parent=2301"}],"curies":[{"name":"wp","href":"https:\/\/api.w.org\/{rel}","templated":true}]}}