{"id":2328,"date":"2025-05-11T11:46:14","date_gmt":"2025-05-11T09:46:14","guid":{"rendered":"https:\/\/lesbullesdor.ch\/?page_id=2328"},"modified":"2025-05-28T18:15:51","modified_gmt":"2025-05-28T16:15:51","slug":"carabinieri-white-wine","status":"publish","type":"page","link":"https:\/\/lesbullesdor.ch\/en\/carabinieri-white-wine\/","title":{"rendered":"Carabinieri White Wine"},"content":{"rendered":"\t\t<div data-elementor-type=\"wp-page\" data-elementor-id=\"2328\" class=\"elementor elementor-2328 elementor-787\" data-elementor-post-type=\"page\">\n\t\t\t\t<div class=\"elementor-element elementor-element-59c616c e-con-full e-flex e-con e-parent\" data-id=\"59c616c\" data-element_type=\"container\">\n\t\t<div class=\"elementor-element elementor-element-1c4c13a e-con-full e-flex elementor-invisible e-con e-child\" data-id=\"1c4c13a\" data-element_type=\"container\" data-settings=\"{&quot;background_background&quot;:&quot;video&quot;,&quot;animation&quot;:&quot;slideInLeft&quot;,&quot;background_video_link&quot;:&quot;https:\\\/\\\/lesbullesdor.ch\\\/wp-content\\\/uploads\\\/2025\\\/05\\\/video-blanc-1-1.mp4&quot;,&quot;background_play_on_mobile&quot;:&quot;yes&quot;}\">\n\t\t<div class=\"elementor-background-video-container\">\n\t\t\t\t\t\t\t<video class=\"elementor-background-video-hosted\" autoplay muted playsinline loop><\/video>\n\t\t\t\t\t<\/div>\t\t<\/div>\n\t\t<div class=\"elementor-element elementor-element-cc2fa11 e-con-full e-flex e-con e-child\" data-id=\"cc2fa11\" data-element_type=\"container\">\n\t\t<div class=\"elementor-element elementor-element-1a3a299 e-flex e-con-boxed e-con e-child\" data-id=\"1a3a299\" data-element_type=\"container\">\n\t\t\t\t\t<div class=\"e-con-inner\">\n\t\t\t\t<div class=\"elementor-element elementor-element-339b71c animated-slow elementor-invisible elementor-widget elementor-widget-heading\" data-id=\"339b71c\" data-element_type=\"widget\" data-settings=\"{&quot;_animation&quot;:&quot;fadeInDown&quot;,&quot;_animation_delay&quot;:600}\" data-widget_type=\"heading.default\">\n\t\t\t\t<div class=\"elementor-widget-container\">\n\t\t\t\t\t<h1 class=\"elementor-heading-title elementor-size-default\">White Wine<\/h1>\t\t\t\t<\/div>\n\t\t\t\t<\/div>\n\t\t\t\t<div class=\"elementor-element elementor-element-bddee32 elementor-invisible elementor-widget elementor-widget-heading\" data-id=\"bddee32\" data-element_type=\"widget\" data-settings=\"{&quot;_animation&quot;:&quot;fadeInDown&quot;,&quot;_animation_delay&quot;:1400}\" data-widget_type=\"heading.default\">\n\t\t\t\t<div class=\"elementor-widget-container\">\n\t\t\t\t\t<h2 class=\"elementor-heading-title elementor-size-default\">of the Prince of Monaco's Carabinieri<\/h2>\t\t\t\t<\/div>\n\t\t\t\t<\/div>\n\t\t\t\t<div class=\"elementor-element elementor-element-71d6cff elementor-invisible elementor-widget elementor-widget-text-editor\" data-id=\"71d6cff\" data-element_type=\"widget\" data-settings=\"{&quot;_animation&quot;:&quot;fadeInUp&quot;}\" data-widget_type=\"text-editor.default\">\n\t\t\t\t<div class=\"elementor-widget-container\">\n\t\t\t\t\t\t\t\t\t<p><strong>The white wine of the Prince of Monaco&#8217;s Carabinieri<\/strong>, cuv\u00e9e Sainte D\u00e9vote is a C\u00f4tes du Rh\u00f4ne with a golden color. This wine has sweet\/salty aromas, with a slightly acidic finish.<\/p>\t\t\t\t\t\t\t\t<\/div>\n\t\t\t\t<\/div>\n\t\t\t\t<div class=\"elementor-element elementor-element-782d156 elementor-invisible elementor-widget elementor-widget-image\" data-id=\"782d156\" data-element_type=\"widget\" data-settings=\"{&quot;_animation&quot;:&quot;fadeInUp&quot;}\" data-widget_type=\"image.default\">\n\t\t\t\t<div class=\"elementor-widget-container\">\n\t\t\t\t\t\t\t\t\t\t\t\t\t\t\t<img fetchpriority=\"high\" decoding=\"async\" width=\"600\" height=\"232\" src=\"https:\/\/lesbullesdor.ch\/wp-content\/uploads\/2025\/05\/monaco-1.png\" class=\"attachment-large size-large wp-image-2214\" alt=\"Les Carabiniers du Prince de Monaco\" srcset=\"https:\/\/lesbullesdor.ch\/wp-content\/uploads\/2025\/05\/monaco-1.png 600w, https:\/\/lesbullesdor.ch\/wp-content\/uploads\/2025\/05\/monaco-1-300x116.png 300w\" sizes=\"(max-width: 600px) 100vw, 600px\" \/>\t\t\t\t\t\t\t\t\t\t\t\t\t\t\t<\/div>\n\t\t\t\t<\/div>\n\t\t\t\t\t<\/div>\n\t\t\t\t<\/div>\n\t\t\t\t<\/div>\n\t\t\t\t<\/div>\n\t\t<div class=\"elementor-element elementor-element-15f8488 e-flex e-con-boxed e-con e-parent\" data-id=\"15f8488\" data-element_type=\"container\">\n\t\t\t\t\t<div class=\"e-con-inner\">\n\t\t<div class=\"elementor-element elementor-element-c34df1f e-con-full e-flex e-con e-child\" data-id=\"c34df1f\" data-element_type=\"container\">\n\t\t\t\t<div class=\"elementor-element elementor-element-6779f96 animated-slow elementor-invisible elementor-widget elementor-widget-heading\" data-id=\"6779f96\" data-element_type=\"widget\" data-settings=\"{&quot;_animation&quot;:&quot;fadeIn&quot;}\" data-widget_type=\"heading.default\">\n\t\t\t\t<div class=\"elementor-widget-container\">\n\t\t\t\t\t<h2 class=\"elementor-heading-title elementor-size-default\">Technical Data<\/h2>\t\t\t\t<\/div>\n\t\t\t\t<\/div>\n\t\t\t\t<div class=\"elementor-element elementor-element-85086a4 animated-slow elementor-invisible elementor-widget elementor-widget-text-editor\" data-id=\"85086a4\" data-element_type=\"widget\" data-settings=\"{&quot;_animation&quot;:&quot;fadeIn&quot;}\" data-widget_type=\"text-editor.default\">\n\t\t\t\t<div class=\"elementor-widget-container\">\n\t\t\t\t\t\t\t\t\t<p><strong>Vintage:<\/strong> Sainte D\u00e9vote<br \/><strong>Appellation:<\/strong> C\u00f4tes du Rh\u00f4ne<br \/><strong>Composition:<\/strong> 50% Grenache Blanc, 50% Viognier<br \/><strong>Region:<\/strong> Rh\u00f4ne Valley<br \/><strong>Vinification Method:<\/strong> Traditional<br \/><strong>Alcohol Content:<\/strong> 13<br \/><strong>Bottle Type:<\/strong> Classic<br \/>Ageing Time: 2 years<\/p>\t\t\t\t\t\t\t\t<\/div>\n\t\t\t\t<\/div>\n\t\t\t\t<div class=\"elementor-element elementor-element-877cbac animated-slow elementor-invisible elementor-widget elementor-widget-heading\" data-id=\"877cbac\" data-element_type=\"widget\" data-settings=\"{&quot;_animation&quot;:&quot;fadeIn&quot;}\" data-widget_type=\"heading.default\">\n\t\t\t\t<div class=\"elementor-widget-container\">\n\t\t\t\t\t<h2 class=\"elementor-heading-title elementor-size-default\">Tasting Notes:\n<\/h2>\t\t\t\t<\/div>\n\t\t\t\t<\/div>\n\t\t\t\t<div class=\"elementor-element elementor-element-0c694a1 animated-slow elementor-invisible elementor-widget elementor-widget-text-editor\" data-id=\"0c694a1\" data-element_type=\"widget\" data-settings=\"{&quot;_animation&quot;:&quot;fadeIn&quot;}\" data-widget_type=\"text-editor.default\">\n\t\t\t\t<div class=\"elementor-widget-container\">\n\t\t\t\t\t\t\t\t\t<p><strong>Appearance:<\/strong> Gold<br \/><strong>Nose:<\/strong> Floral fruit<br \/><strong>Palate:<\/strong> Tangy aromas with a sweet and savory balance<br \/><strong>Serving:<\/strong> Serve at <strong>9\u00b0C<\/strong>, enjoy with <strong>salads, fish, cheese, or as an aperitif<\/strong><\/p>\t\t\t\t\t\t\t\t<\/div>\n\t\t\t\t<\/div>\n\t\t\t\t<div class=\"elementor-element elementor-element-c7da089 elementor-tablet-align-center elementor-widget elementor-widget-button\" data-id=\"c7da089\" data-element_type=\"widget\" data-widget_type=\"button.default\">\n\t\t\t\t<div class=\"elementor-widget-container\">\n\t\t\t\t\t\t\t\t\t<div class=\"elementor-button-wrapper\">\n\t\t\t\t\t<a class=\"elementor-button elementor-button-link elementor-size-sm\" href=\"https:\/\/lesbullesdor.ch\/en\/contact\/\">\n\t\t\t\t\t\t<span class=\"elementor-button-content-wrapper\">\n\t\t\t\t\t\t\t\t\t<span class=\"elementor-button-text\">Contact us<\/span>\n\t\t\t\t\t<\/span>\n\t\t\t\t\t<\/a>\n\t\t\t\t<\/div>\n\t\t\t\t\t\t\t\t<\/div>\n\t\t\t\t<\/div>\n\t\t\t\t<\/div>\n\t\t<div class=\"elementor-element elementor-element-682d5b4 e-con-full e-flex e-con e-child\" data-id=\"682d5b4\" data-element_type=\"container\">\n\t\t\t\t<div class=\"elementor-element elementor-element-1709217 elementor-invisible elementor-widget elementor-widget-image\" data-id=\"1709217\" data-element_type=\"widget\" data-settings=\"{&quot;_animation&quot;:&quot;fadeInUp&quot;}\" data-widget_type=\"image.default\">\n\t\t\t\t<div class=\"elementor-widget-container\">\n\t\t\t\t\t\t\t\t\t\t\t\t\t\t\t<img decoding=\"async\" width=\"1472\" height=\"1024\" src=\"https:\/\/lesbullesdor.ch\/wp-content\/uploads\/2025\/05\/freepik__the-style-is-candid-image-photography-with-natural__23025.jpg\" class=\"attachment-full size-full wp-image-2217\" alt=\"Vin Blanc des Carabiniers Du Prince De Monaco\" srcset=\"https:\/\/lesbullesdor.ch\/wp-content\/uploads\/2025\/05\/freepik__the-style-is-candid-image-photography-with-natural__23025.jpg 1472w, https:\/\/lesbullesdor.ch\/wp-content\/uploads\/2025\/05\/freepik__the-style-is-candid-image-photography-with-natural__23025-300x209.jpg 300w, https:\/\/lesbullesdor.ch\/wp-content\/uploads\/2025\/05\/freepik__the-style-is-candid-image-photography-with-natural__23025-1024x712.jpg 1024w, https:\/\/lesbullesdor.ch\/wp-content\/uploads\/2025\/05\/freepik__the-style-is-candid-image-photography-with-natural__23025-768x534.jpg 768w\" sizes=\"(max-width: 1472px) 100vw, 1472px\" \/>\t\t\t\t\t\t\t\t\t\t\t\t\t\t\t<\/div>\n\t\t\t\t<\/div>\n\t\t\t\t<\/div>\n\t\t\t\t\t<\/div>\n\t\t\t\t<\/div>\n\t\t\t\t<\/div>\n\t\t","protected":false},"excerpt":{"rendered":"<p>White Wine of the Prince of Monaco&#8217;s Carabinieri The white wine of the Prince of Monaco&#8217;s Carabinieri, cuv\u00e9e Sainte D\u00e9vote is a C\u00f4tes du Rh\u00f4ne with a golden color. This wine has sweet\/salty aromas, with a slightly acidic finish. Technical Data Vintage: Sainte D\u00e9voteAppellation: C\u00f4tes du Rh\u00f4neComposition: 50% Grenache Blanc, 50% ViognierRegion: Rh\u00f4ne ValleyVinification Method: [&hellip;]<\/p>\n","protected":false},"author":1,"featured_media":0,"parent":0,"menu_order":0,"comment_status":"closed","ping_status":"closed","template":"","meta":{"footnotes":""},"class_list":["post-2328","page","type-page","status-publish","hentry"],"yoast_head":"<!-- This site is optimized with the Yoast SEO plugin v25.3 - https:\/\/yoast.com\/wordpress\/plugins\/seo\/ -->\n<title>Carabinieri White Wine - Les Bulles d&#039;Or SA<\/title>\n<meta name=\"robots\" content=\"index, follow, max-snippet:-1, max-image-preview:large, max-video-preview:-1\" \/>\n<link rel=\"canonical\" href=\"https:\/\/lesbullesdor.ch\/vin-blanc-des-carabiniers\/\" \/>\n<meta property=\"og:locale\" content=\"en_US\" \/>\n<meta property=\"og:type\" content=\"article\" \/>\n<meta property=\"og:title\" content=\"Carabinieri White Wine - Les Bulles d&#039;Or SA\" \/>\n<meta property=\"og:description\" content=\"White Wine of the Prince of Monaco&#8217;s Carabinieri The white wine of the Prince of Monaco&#8217;s Carabinieri, cuv\u00e9e Sainte D\u00e9vote is a C\u00f4tes du Rh\u00f4ne with a golden color. This wine has sweet\/salty aromas, with a slightly acidic finish. Technical Data Vintage: Sainte D\u00e9voteAppellation: C\u00f4tes du Rh\u00f4neComposition: 50% Grenache Blanc, 50% ViognierRegion: Rh\u00f4ne ValleyVinification Method: [&hellip;]\" \/>\n<meta property=\"og:url\" content=\"https:\/\/lesbullesdor.ch\/vin-blanc-des-carabiniers\/\" \/>\n<meta property=\"og:site_name\" content=\"Les Bulles d&#039;Or SA\" \/>\n<meta property=\"article:modified_time\" content=\"2025-05-28T16:15:51+00:00\" \/>\n<meta property=\"og:image\" content=\"https:\/\/lesbullesdor.ch\/wp-content\/uploads\/2025\/05\/monaco-1.png\" \/>\n<meta name=\"twitter:card\" content=\"summary_large_image\" \/>\n<script type=\"application\/ld+json\" class=\"yoast-schema-graph\">{\"@context\":\"https:\/\/schema.org\",\"@graph\":[{\"@type\":\"WebPage\",\"@id\":\"https:\/\/lesbullesdor.ch\/vin-blanc-des-carabiniers\/\",\"url\":\"https:\/\/lesbullesdor.ch\/vin-blanc-des-carabiniers\/\",\"name\":\"Carabinieri White Wine - Les Bulles d&#039;Or SA\",\"isPartOf\":{\"@id\":\"https:\/\/lesbullesdor.ch\/#website\"},\"primaryImageOfPage\":{\"@id\":\"https:\/\/lesbullesdor.ch\/vin-blanc-des-carabiniers\/#primaryimage\"},\"image\":{\"@id\":\"https:\/\/lesbullesdor.ch\/vin-blanc-des-carabiniers\/#primaryimage\"},\"thumbnailUrl\":\"https:\/\/lesbullesdor.ch\/wp-content\/uploads\/2025\/05\/monaco-1.png\",\"datePublished\":\"2025-05-11T09:46:14+00:00\",\"dateModified\":\"2025-05-28T16:15:51+00:00\",\"breadcrumb\":{\"@id\":\"https:\/\/lesbullesdor.ch\/vin-blanc-des-carabiniers\/#breadcrumb\"},\"inLanguage\":\"en-US\",\"potentialAction\":[{\"@type\":\"ReadAction\",\"target\":[\"https:\/\/lesbullesdor.ch\/vin-blanc-des-carabiniers\/\"]}]},{\"@type\":\"ImageObject\",\"inLanguage\":\"en-US\",\"@id\":\"https:\/\/lesbullesdor.ch\/vin-blanc-des-carabiniers\/#primaryimage\",\"url\":\"https:\/\/lesbullesdor.ch\/wp-content\/uploads\/2025\/05\/monaco-1.png\",\"contentUrl\":\"https:\/\/lesbullesdor.ch\/wp-content\/uploads\/2025\/05\/monaco-1.png\"},{\"@type\":\"BreadcrumbList\",\"@id\":\"https:\/\/lesbullesdor.ch\/vin-blanc-des-carabiniers\/#breadcrumb\",\"itemListElement\":[{\"@type\":\"ListItem\",\"position\":1,\"name\":\"Home\",\"item\":\"https:\/\/lesbullesdor.ch\/\"},{\"@type\":\"ListItem\",\"position\":2,\"name\":\"Carabinieri White Wine\"}]},{\"@type\":\"WebSite\",\"@id\":\"https:\/\/lesbullesdor.ch\/#website\",\"url\":\"https:\/\/lesbullesdor.ch\/\",\"name\":\"Les Bulles d'Or SA\",\"description\":\"Les Bulles d&#039;Or SA\",\"publisher\":{\"@id\":\"https:\/\/lesbullesdor.ch\/#organization\"},\"potentialAction\":[{\"@type\":\"SearchAction\",\"target\":{\"@type\":\"EntryPoint\",\"urlTemplate\":\"https:\/\/lesbullesdor.ch\/?s={search_term_string}\"},\"query-input\":{\"@type\":\"PropertyValueSpecification\",\"valueRequired\":true,\"valueName\":\"search_term_string\"}}],\"inLanguage\":\"en-US\"},{\"@type\":\"Organization\",\"@id\":\"https:\/\/lesbullesdor.ch\/#organization\",\"name\":\"Les Bulles d'Or SA\",\"url\":\"https:\/\/lesbullesdor.ch\/\",\"logo\":{\"@type\":\"ImageObject\",\"inLanguage\":\"en-US\",\"@id\":\"https:\/\/lesbullesdor.ch\/#\/schema\/logo\/image\/\",\"url\":\"https:\/\/lesbullesdor.ch\/wp-content\/uploads\/2025\/05\/Les-Bulles-dOr-SA.png\",\"contentUrl\":\"https:\/\/lesbullesdor.ch\/wp-content\/uploads\/2025\/05\/Les-Bulles-dOr-SA.png\",\"width\":300,\"height\":301,\"caption\":\"Les Bulles d'Or SA\"},\"image\":{\"@id\":\"https:\/\/lesbullesdor.ch\/#\/schema\/logo\/image\/\"}}]}<\/script>\n<!-- \/ Yoast SEO plugin. -->","yoast_head_json":{"title":"Carabinieri White Wine - Les Bulles d&#039;Or SA","robots":{"index":"index","follow":"follow","max-snippet":"max-snippet:-1","max-image-preview":"max-image-preview:large","max-video-preview":"max-video-preview:-1"},"canonical":"https:\/\/lesbullesdor.ch\/vin-blanc-des-carabiniers\/","og_locale":"en_US","og_type":"article","og_title":"Carabinieri White Wine - Les Bulles d&#039;Or SA","og_description":"White Wine of the Prince of Monaco&#8217;s Carabinieri The white wine of the Prince of Monaco&#8217;s Carabinieri, cuv\u00e9e Sainte D\u00e9vote is a C\u00f4tes du Rh\u00f4ne with a golden color. This wine has sweet\/salty aromas, with a slightly acidic finish. Technical Data Vintage: Sainte D\u00e9voteAppellation: C\u00f4tes du Rh\u00f4neComposition: 50% Grenache Blanc, 50% ViognierRegion: Rh\u00f4ne ValleyVinification Method: [&hellip;]","og_url":"https:\/\/lesbullesdor.ch\/vin-blanc-des-carabiniers\/","og_site_name":"Les Bulles d&#039;Or SA","article_modified_time":"2025-05-28T16:15:51+00:00","og_image":[{"url":"https:\/\/lesbullesdor.ch\/wp-content\/uploads\/2025\/05\/monaco-1.png","type":"","width":"","height":""}],"twitter_card":"summary_large_image","schema":{"@context":"https:\/\/schema.org","@graph":[{"@type":"WebPage","@id":"https:\/\/lesbullesdor.ch\/vin-blanc-des-carabiniers\/","url":"https:\/\/lesbullesdor.ch\/vin-blanc-des-carabiniers\/","name":"Carabinieri White Wine - Les Bulles d&#039;Or SA","isPartOf":{"@id":"https:\/\/lesbullesdor.ch\/#website"},"primaryImageOfPage":{"@id":"https:\/\/lesbullesdor.ch\/vin-blanc-des-carabiniers\/#primaryimage"},"image":{"@id":"https:\/\/lesbullesdor.ch\/vin-blanc-des-carabiniers\/#primaryimage"},"thumbnailUrl":"https:\/\/lesbullesdor.ch\/wp-content\/uploads\/2025\/05\/monaco-1.png","datePublished":"2025-05-11T09:46:14+00:00","dateModified":"2025-05-28T16:15:51+00:00","breadcrumb":{"@id":"https:\/\/lesbullesdor.ch\/vin-blanc-des-carabiniers\/#breadcrumb"},"inLanguage":"en-US","potentialAction":[{"@type":"ReadAction","target":["https:\/\/lesbullesdor.ch\/vin-blanc-des-carabiniers\/"]}]},{"@type":"ImageObject","inLanguage":"en-US","@id":"https:\/\/lesbullesdor.ch\/vin-blanc-des-carabiniers\/#primaryimage","url":"https:\/\/lesbullesdor.ch\/wp-content\/uploads\/2025\/05\/monaco-1.png","contentUrl":"https:\/\/lesbullesdor.ch\/wp-content\/uploads\/2025\/05\/monaco-1.png"},{"@type":"BreadcrumbList","@id":"https:\/\/lesbullesdor.ch\/vin-blanc-des-carabiniers\/#breadcrumb","itemListElement":[{"@type":"ListItem","position":1,"name":"Home","item":"https:\/\/lesbullesdor.ch\/"},{"@type":"ListItem","position":2,"name":"Carabinieri White Wine"}]},{"@type":"WebSite","@id":"https:\/\/lesbullesdor.ch\/#website","url":"https:\/\/lesbullesdor.ch\/","name":"Les Bulles d'Or SA","description":"Les Bulles d&#039;Or SA","publisher":{"@id":"https:\/\/lesbullesdor.ch\/#organization"},"potentialAction":[{"@type":"SearchAction","target":{"@type":"EntryPoint","urlTemplate":"https:\/\/lesbullesdor.ch\/?s={search_term_string}"},"query-input":{"@type":"PropertyValueSpecification","valueRequired":true,"valueName":"search_term_string"}}],"inLanguage":"en-US"},{"@type":"Organization","@id":"https:\/\/lesbullesdor.ch\/#organization","name":"Les Bulles d'Or SA","url":"https:\/\/lesbullesdor.ch\/","logo":{"@type":"ImageObject","inLanguage":"en-US","@id":"https:\/\/lesbullesdor.ch\/#\/schema\/logo\/image\/","url":"https:\/\/lesbullesdor.ch\/wp-content\/uploads\/2025\/05\/Les-Bulles-dOr-SA.png","contentUrl":"https:\/\/lesbullesdor.ch\/wp-content\/uploads\/2025\/05\/Les-Bulles-dOr-SA.png","width":300,"height":301,"caption":"Les Bulles d'Or SA"},"image":{"@id":"https:\/\/lesbullesdor.ch\/#\/schema\/logo\/image\/"}}]}},"_links":{"self":[{"href":"https:\/\/lesbullesdor.ch\/en\/wp-json\/wp\/v2\/pages\/2328","targetHints":{"allow":["GET"]}}],"collection":[{"href":"https:\/\/lesbullesdor.ch\/en\/wp-json\/wp\/v2\/pages"}],"about":[{"href":"https:\/\/lesbullesdor.ch\/en\/wp-json\/wp\/v2\/types\/page"}],"author":[{"embeddable":true,"href":"https:\/\/lesbullesdor.ch\/en\/wp-json\/wp\/v2\/users\/1"}],"replies":[{"embeddable":true,"href":"https:\/\/lesbullesdor.ch\/en\/wp-json\/wp\/v2\/comments?post=2328"}],"version-history":[{"count":0,"href":"https:\/\/lesbullesdor.ch\/en\/wp-json\/wp\/v2\/pages\/2328\/revisions"}],"wp:attachment":[{"href":"https:\/\/lesbullesdor.ch\/en\/wp-json\/wp\/v2\/media?parent=2328"}],"curies":[{"name":"wp","href":"https:\/\/api.w.org\/{rel}","templated":true}]}}