{"id":2335,"date":"2025-05-12T10:40:37","date_gmt":"2025-05-12T08:40:37","guid":{"rendered":"https:\/\/lesbullesdor.ch\/?page_id=2335"},"modified":"2025-05-28T18:21:58","modified_gmt":"2025-05-28T16:21:58","slug":"our-vintages","status":"publish","type":"page","link":"https:\/\/lesbullesdor.ch\/en\/our-vintages\/","title":{"rendered":"Our Vintages"},"content":{"rendered":"\t\t<div data-elementor-type=\"wp-page\" data-elementor-id=\"2335\" class=\"elementor elementor-2335 elementor-905\" data-elementor-post-type=\"page\">\n\t\t\t\t<div class=\"elementor-element elementor-element-4c82da3 e-flex e-con-boxed e-con e-parent\" data-id=\"4c82da3\" data-element_type=\"container\">\n\t\t\t\t\t<div class=\"e-con-inner\">\n\t\t\t\t<div class=\"elementor-element elementor-element-b25d39b elementor-invisible elementor-widget elementor-widget-heading\" data-id=\"b25d39b\" data-element_type=\"widget\" data-settings=\"{&quot;_animation&quot;:&quot;fadeIn&quot;,&quot;_animation_delay&quot;:300}\" data-widget_type=\"heading.default\">\n\t\t\t\t<div class=\"elementor-widget-container\">\n\t\t\t\t\t<h2 class=\"elementor-heading-title elementor-size-default\">Champagnes and Wines<\/h2>\t\t\t\t<\/div>\n\t\t\t\t<\/div>\n\t\t\t\t<div class=\"elementor-element elementor-element-54249ef elementor-invisible elementor-widget elementor-widget-heading\" data-id=\"54249ef\" data-element_type=\"widget\" data-settings=\"{&quot;_animation&quot;:&quot;fadeIn&quot;,&quot;_animation_delay&quot;:300}\" data-widget_type=\"heading.default\">\n\t\t\t\t<div class=\"elementor-widget-container\">\n\t\t\t\t\t<h2 class=\"elementor-heading-title elementor-size-default\">of the Prince of Monaco's Carabinieri<\/h2>\t\t\t\t<\/div>\n\t\t\t\t<\/div>\n\t\t\t\t<div class=\"elementor-element elementor-element-be97b0f animated-slow elementor-invisible elementor-widget elementor-widget-image\" data-id=\"be97b0f\" data-element_type=\"widget\" data-settings=\"{&quot;_animation&quot;:&quot;fadeInUp&quot;}\" data-widget_type=\"image.default\">\n\t\t\t\t<div class=\"elementor-widget-container\">\n\t\t\t\t\t\t\t\t\t\t\t\t\t\t\t<img fetchpriority=\"high\" decoding=\"async\" width=\"600\" height=\"232\" src=\"https:\/\/lesbullesdor.ch\/wp-content\/uploads\/2025\/05\/monaco-1.png\" class=\"attachment-full size-full wp-image-2214\" alt=\"Les Carabiniers du Prince de Monaco\" srcset=\"https:\/\/lesbullesdor.ch\/wp-content\/uploads\/2025\/05\/monaco-1.png 600w, https:\/\/lesbullesdor.ch\/wp-content\/uploads\/2025\/05\/monaco-1-300x116.png 300w\" sizes=\"(max-width: 600px) 100vw, 600px\" \/>\t\t\t\t\t\t\t\t\t\t\t\t\t\t\t<\/div>\n\t\t\t\t<\/div>\n\t\t\t\t\t<\/div>\n\t\t\t\t<\/div>\n\t\t<div class=\"elementor-element elementor-element-bb453e6 e-flex e-con-boxed e-con e-parent\" data-id=\"bb453e6\" data-element_type=\"container\" data-settings=\"{&quot;motion_fx_motion_fx_scrolling&quot;:&quot;yes&quot;,&quot;motion_fx_translateY_effect&quot;:&quot;yes&quot;,&quot;motion_fx_translateY_speed&quot;:{&quot;unit&quot;:&quot;px&quot;,&quot;size&quot;:1,&quot;sizes&quot;:[]},&quot;motion_fx_translateY_affectedRange&quot;:{&quot;unit&quot;:&quot;%&quot;,&quot;size&quot;:&quot;&quot;,&quot;sizes&quot;:{&quot;start&quot;:25,&quot;end&quot;:75}},&quot;motion_fx_devices&quot;:[&quot;desktop&quot;,&quot;tablet&quot;,&quot;mobile&quot;]}\">\n\t\t\t\t\t<div class=\"e-con-inner\">\n\t\t<div class=\"elementor-element elementor-element-c8ebf7d e-con-full e-flex e-con e-child\" data-id=\"c8ebf7d\" data-element_type=\"container\">\n\t\t\t\t<div class=\"elementor-element elementor-element-c715e76 elementor-widget__width-initial elementor-absolute elementor-widget elementor-widget-spacer\" data-id=\"c715e76\" data-element_type=\"widget\" data-settings=\"{&quot;_position&quot;:&quot;absolute&quot;,&quot;motion_fx_motion_fx_scrolling&quot;:&quot;yes&quot;,&quot;motion_fx_scale_effect&quot;:&quot;yes&quot;,&quot;motion_fx_scale_direction&quot;:&quot;in-out&quot;,&quot;motion_fx_scale_speed&quot;:{&quot;unit&quot;:&quot;px&quot;,&quot;size&quot;:2,&quot;sizes&quot;:[]},&quot;motion_fx_scale_range&quot;:{&quot;unit&quot;:&quot;%&quot;,&quot;size&quot;:&quot;&quot;,&quot;sizes&quot;:{&quot;start&quot;:20,&quot;end&quot;:80}},&quot;motion_fx_devices&quot;:[&quot;desktop&quot;,&quot;tablet&quot;,&quot;mobile&quot;]}\" data-widget_type=\"spacer.default\">\n\t\t\t\t<div class=\"elementor-widget-container\">\n\t\t\t\t\t\t\t<div class=\"elementor-spacer\">\n\t\t\t<div class=\"elementor-spacer-inner\"><\/div>\n\t\t<\/div>\n\t\t\t\t\t\t<\/div>\n\t\t\t\t<\/div>\n\t\t\t\t<div class=\"elementor-element elementor-element-adfe974 image-bor elementor-widget elementor-widget-image\" data-id=\"adfe974\" data-element_type=\"widget\" data-widget_type=\"image.default\">\n\t\t\t\t<div class=\"elementor-widget-container\">\n\t\t\t\t\t\t\t\t\t\t\t\t\t\t\t\t<a href=\"https:\/\/lesbullesdor.ch\/en\/carabinieri-champagne-cuvee\/\">\n\t\t\t\t\t\t\t<img decoding=\"async\" width=\"800\" height=\"800\" src=\"https:\/\/lesbullesdor.ch\/wp-content\/uploads\/2025\/05\/Champagne-Cuvee-des-Carabiniers-1024x1024.jpg\" class=\"attachment-large size-large wp-image-2223\" alt=\"Champagne Cuv\u00e9e des Carabiniers Du Prince De Monaco\" srcset=\"https:\/\/lesbullesdor.ch\/wp-content\/uploads\/2025\/05\/Champagne-Cuvee-des-Carabiniers-1024x1024.jpg 1024w, https:\/\/lesbullesdor.ch\/wp-content\/uploads\/2025\/05\/Champagne-Cuvee-des-Carabiniers-300x300.jpg 300w, https:\/\/lesbullesdor.ch\/wp-content\/uploads\/2025\/05\/Champagne-Cuvee-des-Carabiniers-150x150.jpg 150w, https:\/\/lesbullesdor.ch\/wp-content\/uploads\/2025\/05\/Champagne-Cuvee-des-Carabiniers-768x768.jpg 768w, https:\/\/lesbullesdor.ch\/wp-content\/uploads\/2025\/05\/Champagne-Cuvee-des-Carabiniers.jpg 1264w\" sizes=\"(max-width: 800px) 100vw, 800px\" \/>\t\t\t\t\t\t\t\t<\/a>\n\t\t\t\t\t\t\t\t\t\t\t\t\t\t\t<\/div>\n\t\t\t\t<\/div>\n\t\t\t\t<div class=\"elementor-element elementor-element-50915c7 title-vine-link elementor-invisible elementor-widget elementor-widget-heading\" data-id=\"50915c7\" data-element_type=\"widget\" data-settings=\"{&quot;_animation&quot;:&quot;fadeIn&quot;}\" data-widget_type=\"heading.default\">\n\t\t\t\t<div class=\"elementor-widget-container\">\n\t\t\t\t\t<h5 class=\"elementor-heading-title elementor-size-default\"><a href=\"https:\/\/lesbullesdor.ch\/en\/carabinieri-champagne-cuvee\/\">Champagne Cuv\u00e9e<br>of the Prince of Monaco's Carabinieri<\/a><\/h5>\t\t\t\t<\/div>\n\t\t\t\t<\/div>\n\t\t\t\t<div class=\"elementor-element elementor-element-09cee3e elementor-widget-divider--view-line elementor-invisible elementor-widget elementor-widget-divider\" data-id=\"09cee3e\" data-element_type=\"widget\" data-settings=\"{&quot;_animation&quot;:&quot;fadeIn&quot;,&quot;_animation_delay&quot;:200}\" data-widget_type=\"divider.default\">\n\t\t\t\t<div class=\"elementor-widget-container\">\n\t\t\t\t\t\t\t<div class=\"elementor-divider\">\n\t\t\t<span class=\"elementor-divider-separator\">\n\t\t\t\t\t\t<\/span>\n\t\t<\/div>\n\t\t\t\t\t\t<\/div>\n\t\t\t\t<\/div>\n\t\t\t\t<div class=\"elementor-element elementor-element-40d18c3 elementor-widget elementor-widget-heading\" data-id=\"40d18c3\" data-element_type=\"widget\" data-widget_type=\"heading.default\">\n\t\t\t\t<div class=\"elementor-widget-container\">\n\t\t\t\t\t<p class=\"elementor-heading-title elementor-size-default\">Cuv\u00e9e from \u00c9toges and Courtemont-Varennes, vinified separately and aged 3 years on lees for optimal aromatic richness.<\/p>\t\t\t\t<\/div>\n\t\t\t\t<\/div>\n\t\t\t\t<div class=\"elementor-element elementor-element-26b39a5 elementor-tablet-align-center elementor-align-center elementor-widget elementor-widget-button\" data-id=\"26b39a5\" data-element_type=\"widget\" data-widget_type=\"button.default\">\n\t\t\t\t<div class=\"elementor-widget-container\">\n\t\t\t\t\t\t\t\t\t<div class=\"elementor-button-wrapper\">\n\t\t\t\t\t<a class=\"elementor-button elementor-button-link elementor-size-sm\" href=\"https:\/\/lesbullesdor.ch\/en\/carabinieri-champagne-cuvee\/\" aria-label=\"\u00c0 propos de nous\">\n\t\t\t\t\t\t<span class=\"elementor-button-content-wrapper\">\n\t\t\t\t\t\t\t\t\t<span class=\"elementor-button-text\">Learn more<\/span>\n\t\t\t\t\t<\/span>\n\t\t\t\t\t<\/a>\n\t\t\t\t<\/div>\n\t\t\t\t\t\t\t\t<\/div>\n\t\t\t\t<\/div>\n\t\t\t\t<\/div>\n\t\t<div class=\"elementor-element elementor-element-2d8fa2c e-con-full e-flex e-con e-child\" data-id=\"2d8fa2c\" data-element_type=\"container\">\n\t\t\t\t<div class=\"elementor-element elementor-element-e35f4d1 elementor-widget__width-initial elementor-absolute elementor-widget elementor-widget-spacer\" data-id=\"e35f4d1\" data-element_type=\"widget\" data-settings=\"{&quot;_position&quot;:&quot;absolute&quot;,&quot;motion_fx_motion_fx_scrolling&quot;:&quot;yes&quot;,&quot;motion_fx_scale_effect&quot;:&quot;yes&quot;,&quot;motion_fx_scale_direction&quot;:&quot;in-out&quot;,&quot;motion_fx_scale_speed&quot;:{&quot;unit&quot;:&quot;px&quot;,&quot;size&quot;:2,&quot;sizes&quot;:[]},&quot;motion_fx_scale_range&quot;:{&quot;unit&quot;:&quot;%&quot;,&quot;size&quot;:&quot;&quot;,&quot;sizes&quot;:{&quot;start&quot;:20,&quot;end&quot;:80}},&quot;motion_fx_devices&quot;:[&quot;desktop&quot;,&quot;tablet&quot;,&quot;mobile&quot;]}\" data-widget_type=\"spacer.default\">\n\t\t\t\t<div class=\"elementor-widget-container\">\n\t\t\t\t\t\t\t<div class=\"elementor-spacer\">\n\t\t\t<div class=\"elementor-spacer-inner\"><\/div>\n\t\t<\/div>\n\t\t\t\t\t\t<\/div>\n\t\t\t\t<\/div>\n\t\t\t\t<div class=\"elementor-element elementor-element-8c8afc8 image-bor elementor-widget elementor-widget-image\" data-id=\"8c8afc8\" data-element_type=\"widget\" data-widget_type=\"image.default\">\n\t\t\t\t<div class=\"elementor-widget-container\">\n\t\t\t\t\t\t\t\t\t\t\t\t\t\t\t\t<a href=\"https:\/\/lesbullesdor.ch\/en\/carabinieri-red-wine\/\">\n\t\t\t\t\t\t\t<img decoding=\"async\" width=\"800\" height=\"800\" src=\"https:\/\/lesbullesdor.ch\/wp-content\/uploads\/2025\/05\/freepik__expand__32514-1024x1024.jpeg\" class=\"attachment-large size-large wp-image-2212\" alt=\"Vin Rouge des Carabiniers Du Prince De Monaco\" srcset=\"https:\/\/lesbullesdor.ch\/wp-content\/uploads\/2025\/05\/freepik__expand__32514-1024x1024.jpeg 1024w, https:\/\/lesbullesdor.ch\/wp-content\/uploads\/2025\/05\/freepik__expand__32514-300x300.jpeg 300w, https:\/\/lesbullesdor.ch\/wp-content\/uploads\/2025\/05\/freepik__expand__32514-150x150.jpeg 150w, https:\/\/lesbullesdor.ch\/wp-content\/uploads\/2025\/05\/freepik__expand__32514-768x768.jpeg 768w, https:\/\/lesbullesdor.ch\/wp-content\/uploads\/2025\/05\/freepik__expand__32514.jpeg 1264w\" sizes=\"(max-width: 800px) 100vw, 800px\" \/>\t\t\t\t\t\t\t\t<\/a>\n\t\t\t\t\t\t\t\t\t\t\t\t\t\t\t<\/div>\n\t\t\t\t<\/div>\n\t\t\t\t<div class=\"elementor-element elementor-element-0465ecd title-vine-link elementor-invisible elementor-widget elementor-widget-heading\" data-id=\"0465ecd\" data-element_type=\"widget\" data-settings=\"{&quot;_animation&quot;:&quot;fadeIn&quot;}\" data-widget_type=\"heading.default\">\n\t\t\t\t<div class=\"elementor-widget-container\">\n\t\t\t\t\t<h5 class=\"elementor-heading-title elementor-size-default\"><a href=\"https:\/\/lesbullesdor.ch\/en\/carabinieri-red-wine\/\">Red Wine <br>of the Prince of Monaco's Carabinieri<\/a><\/h5>\t\t\t\t<\/div>\n\t\t\t\t<\/div>\n\t\t\t\t<div class=\"elementor-element elementor-element-b859fe6 elementor-widget-divider--view-line elementor-widget elementor-widget-divider\" data-id=\"b859fe6\" data-element_type=\"widget\" data-widget_type=\"divider.default\">\n\t\t\t\t<div class=\"elementor-widget-container\">\n\t\t\t\t\t\t\t<div class=\"elementor-divider\">\n\t\t\t<span class=\"elementor-divider-separator\">\n\t\t\t\t\t\t<\/span>\n\t\t<\/div>\n\t\t\t\t\t\t<\/div>\n\t\t\t\t<\/div>\n\t\t\t\t<div class=\"elementor-element elementor-element-bf9d520 elementor-widget elementor-widget-heading\" data-id=\"bf9d520\" data-element_type=\"widget\" data-widget_type=\"heading.default\">\n\t\t\t\t<div class=\"elementor-widget-container\">\n\t\t\t\t\t<p class=\"elementor-heading-title elementor-size-default\">Prince de Monaco, cuv\u00e9e Saint S\u00e9bastien, reveals a purple color and aromas of red fruits and spices, with velvety tannins.<\/p>\t\t\t\t<\/div>\n\t\t\t\t<\/div>\n\t\t\t\t<div class=\"elementor-element elementor-element-c661f22 elementor-tablet-align-center elementor-align-center elementor-widget elementor-widget-button\" data-id=\"c661f22\" data-element_type=\"widget\" data-widget_type=\"button.default\">\n\t\t\t\t<div class=\"elementor-widget-container\">\n\t\t\t\t\t\t\t\t\t<div class=\"elementor-button-wrapper\">\n\t\t\t\t\t<a class=\"elementor-button elementor-button-link elementor-size-sm\" href=\"https:\/\/lesbullesdor.ch\/en\/carabinieri-red-wine\/\" aria-label=\"\u00c0 propos de nous\">\n\t\t\t\t\t\t<span class=\"elementor-button-content-wrapper\">\n\t\t\t\t\t\t\t\t\t<span class=\"elementor-button-text\">Learn more<\/span>\n\t\t\t\t\t<\/span>\n\t\t\t\t\t<\/a>\n\t\t\t\t<\/div>\n\t\t\t\t\t\t\t\t<\/div>\n\t\t\t\t<\/div>\n\t\t\t\t<\/div>\n\t\t<div class=\"elementor-element elementor-element-e3389bc e-con-full e-flex e-con e-child\" data-id=\"e3389bc\" data-element_type=\"container\">\n\t\t\t\t<div class=\"elementor-element elementor-element-d301b71 elementor-widget__width-initial elementor-absolute elementor-widget elementor-widget-spacer\" data-id=\"d301b71\" data-element_type=\"widget\" data-settings=\"{&quot;_position&quot;:&quot;absolute&quot;,&quot;motion_fx_motion_fx_scrolling&quot;:&quot;yes&quot;,&quot;motion_fx_scale_effect&quot;:&quot;yes&quot;,&quot;motion_fx_scale_direction&quot;:&quot;in-out&quot;,&quot;motion_fx_scale_speed&quot;:{&quot;unit&quot;:&quot;px&quot;,&quot;size&quot;:2,&quot;sizes&quot;:[]},&quot;motion_fx_scale_range&quot;:{&quot;unit&quot;:&quot;%&quot;,&quot;size&quot;:&quot;&quot;,&quot;sizes&quot;:{&quot;start&quot;:20,&quot;end&quot;:80}},&quot;motion_fx_devices&quot;:[&quot;desktop&quot;,&quot;tablet&quot;,&quot;mobile&quot;]}\" data-widget_type=\"spacer.default\">\n\t\t\t\t<div class=\"elementor-widget-container\">\n\t\t\t\t\t\t\t<div class=\"elementor-spacer\">\n\t\t\t<div class=\"elementor-spacer-inner\"><\/div>\n\t\t<\/div>\n\t\t\t\t\t\t<\/div>\n\t\t\t\t<\/div>\n\t\t\t\t<div class=\"elementor-element elementor-element-8f37d97 image-bor elementor-widget elementor-widget-image\" data-id=\"8f37d97\" data-element_type=\"widget\" data-widget_type=\"image.default\">\n\t\t\t\t<div class=\"elementor-widget-container\">\n\t\t\t\t\t\t\t\t\t\t\t\t\t\t\t\t<a href=\"https:\/\/lesbullesdor.ch\/en\/carabinieri-white-wine\/\">\n\t\t\t\t\t\t\t<img loading=\"lazy\" decoding=\"async\" width=\"800\" height=\"800\" src=\"https:\/\/lesbullesdor.ch\/wp-content\/uploads\/2025\/05\/Vin-Blanc-des-Carabiniers-1024x1024.jpg\" class=\"attachment-large size-large wp-image-2222\" alt=\"Vin Blanc des Carabiniers Du Prince De Monaco\" srcset=\"https:\/\/lesbullesdor.ch\/wp-content\/uploads\/2025\/05\/Vin-Blanc-des-Carabiniers-1024x1024.jpg 1024w, https:\/\/lesbullesdor.ch\/wp-content\/uploads\/2025\/05\/Vin-Blanc-des-Carabiniers-300x300.jpg 300w, https:\/\/lesbullesdor.ch\/wp-content\/uploads\/2025\/05\/Vin-Blanc-des-Carabiniers-150x150.jpg 150w, https:\/\/lesbullesdor.ch\/wp-content\/uploads\/2025\/05\/Vin-Blanc-des-Carabiniers-768x768.jpg 768w, https:\/\/lesbullesdor.ch\/wp-content\/uploads\/2025\/05\/Vin-Blanc-des-Carabiniers.jpg 1264w\" sizes=\"(max-width: 800px) 100vw, 800px\" \/>\t\t\t\t\t\t\t\t<\/a>\n\t\t\t\t\t\t\t\t\t\t\t\t\t\t\t<\/div>\n\t\t\t\t<\/div>\n\t\t\t\t<div class=\"elementor-element elementor-element-4d83d02 title-vine-link elementor-invisible elementor-widget elementor-widget-heading\" data-id=\"4d83d02\" data-element_type=\"widget\" data-settings=\"{&quot;_animation&quot;:&quot;fadeIn&quot;}\" data-widget_type=\"heading.default\">\n\t\t\t\t<div class=\"elementor-widget-container\">\n\t\t\t\t\t<h5 class=\"elementor-heading-title elementor-size-default\"><a href=\"https:\/\/lesbullesdor.ch\/en\/carabinieri-white-wine\/\">White Wine<br>of the Prince of Monaco's Carabinieri<\/a><\/h5>\t\t\t\t<\/div>\n\t\t\t\t<\/div>\n\t\t\t\t<div class=\"elementor-element elementor-element-b3c12ae elementor-widget-divider--view-line elementor-widget elementor-widget-divider\" data-id=\"b3c12ae\" data-element_type=\"widget\" data-widget_type=\"divider.default\">\n\t\t\t\t<div class=\"elementor-widget-container\">\n\t\t\t\t\t\t\t<div class=\"elementor-divider\">\n\t\t\t<span class=\"elementor-divider-separator\">\n\t\t\t\t\t\t<\/span>\n\t\t<\/div>\n\t\t\t\t\t\t<\/div>\n\t\t\t\t<\/div>\n\t\t\t\t<div class=\"elementor-element elementor-element-7619011 elementor-widget elementor-widget-heading\" data-id=\"7619011\" data-element_type=\"widget\" data-widget_type=\"heading.default\">\n\t\t\t\t<div class=\"elementor-widget-container\">\n\t\t\t\t\t<p class=\"elementor-heading-title elementor-size-default\">The Carabiniers white wine, cuv\u00e9e Sainte D\u00e9vote, offers a golden color and sweet and salty aromas with a tangy touch on the finish.<\/p>\t\t\t\t<\/div>\n\t\t\t\t<\/div>\n\t\t\t\t<div class=\"elementor-element elementor-element-8483bc2 elementor-tablet-align-center elementor-align-center elementor-widget elementor-widget-button\" data-id=\"8483bc2\" data-element_type=\"widget\" data-widget_type=\"button.default\">\n\t\t\t\t<div class=\"elementor-widget-container\">\n\t\t\t\t\t\t\t\t\t<div class=\"elementor-button-wrapper\">\n\t\t\t\t\t<a class=\"elementor-button elementor-button-link elementor-size-sm\" href=\"https:\/\/lesbullesdor.ch\/en\/carabinieri-white-wine\/\" aria-label=\"\u00c0 propos de nous\">\n\t\t\t\t\t\t<span class=\"elementor-button-content-wrapper\">\n\t\t\t\t\t\t\t\t\t<span class=\"elementor-button-text\">Learn more<\/span>\n\t\t\t\t\t<\/span>\n\t\t\t\t\t<\/a>\n\t\t\t\t<\/div>\n\t\t\t\t\t\t\t\t<\/div>\n\t\t\t\t<\/div>\n\t\t\t\t<\/div>\n\t\t\t\t\t<\/div>\n\t\t\t\t<\/div>\n\t\t\t\t<\/div>\n\t\t","protected":false},"excerpt":{"rendered":"<p>Champagnes and Wines of the Prince of Monaco&#8217;s Carabinieri Champagne Cuv\u00e9eof the Prince of Monaco&#8217;s Carabinieri Cuv\u00e9e from \u00c9toges and Courtemont-Varennes, vinified separately and aged 3 years on lees for optimal aromatic richness. Learn more Red Wine of the Prince of Monaco&#8217;s Carabinieri Prince de Monaco, cuv\u00e9e Saint S\u00e9bastien, reveals a purple color and aromas [&hellip;]<\/p>\n","protected":false},"author":1,"featured_media":0,"parent":0,"menu_order":0,"comment_status":"closed","ping_status":"closed","template":"","meta":{"footnotes":""},"class_list":["post-2335","page","type-page","status-publish","hentry"],"yoast_head":"<!-- This site is optimized with the Yoast SEO plugin v25.3 - https:\/\/yoast.com\/wordpress\/plugins\/seo\/ -->\n<title>Our Vintages - Les Bulles d&#039;Or SA<\/title>\n<meta name=\"robots\" content=\"index, follow, max-snippet:-1, max-image-preview:large, max-video-preview:-1\" \/>\n<link rel=\"canonical\" href=\"https:\/\/lesbullesdor.ch\/en\/our-vintages\/\" \/>\n<meta property=\"og:locale\" content=\"en_US\" \/>\n<meta property=\"og:type\" content=\"article\" \/>\n<meta property=\"og:title\" content=\"Our Vintages - Les Bulles d&#039;Or SA\" \/>\n<meta property=\"og:description\" content=\"Champagnes and Wines of the Prince of Monaco&#8217;s Carabinieri Champagne Cuv\u00e9eof the Prince of Monaco&#8217;s Carabinieri Cuv\u00e9e from \u00c9toges and Courtemont-Varennes, vinified separately and aged 3 years on lees for optimal aromatic richness. Learn more Red Wine of the Prince of Monaco&#8217;s Carabinieri Prince de Monaco, cuv\u00e9e Saint S\u00e9bastien, reveals a purple color and aromas [&hellip;]\" \/>\n<meta property=\"og:url\" content=\"https:\/\/lesbullesdor.ch\/en\/our-vintages\/\" \/>\n<meta property=\"og:site_name\" content=\"Les Bulles d&#039;Or SA\" \/>\n<meta property=\"article:modified_time\" content=\"2025-05-28T16:21:58+00:00\" \/>\n<meta property=\"og:image\" content=\"https:\/\/lesbullesdor.ch\/wp-content\/uploads\/2025\/05\/monaco-1.png\" \/>\n<meta name=\"twitter:card\" content=\"summary_large_image\" \/>\n<meta name=\"twitter:label1\" content=\"Est. reading time\" \/>\n\t<meta name=\"twitter:data1\" content=\"1 minute\" \/>\n<script type=\"application\/ld+json\" class=\"yoast-schema-graph\">{\"@context\":\"https:\/\/schema.org\",\"@graph\":[{\"@type\":\"WebPage\",\"@id\":\"https:\/\/lesbullesdor.ch\/en\/our-vintages\/\",\"url\":\"https:\/\/lesbullesdor.ch\/en\/our-vintages\/\",\"name\":\"Our Vintages - Les Bulles d&#039;Or SA\",\"isPartOf\":{\"@id\":\"https:\/\/lesbullesdor.ch\/#website\"},\"primaryImageOfPage\":{\"@id\":\"https:\/\/lesbullesdor.ch\/en\/our-vintages\/#primaryimage\"},\"image\":{\"@id\":\"https:\/\/lesbullesdor.ch\/en\/our-vintages\/#primaryimage\"},\"thumbnailUrl\":\"https:\/\/lesbullesdor.ch\/wp-content\/uploads\/2025\/05\/monaco-1.png\",\"datePublished\":\"2025-05-12T08:40:37+00:00\",\"dateModified\":\"2025-05-28T16:21:58+00:00\",\"breadcrumb\":{\"@id\":\"https:\/\/lesbullesdor.ch\/en\/our-vintages\/#breadcrumb\"},\"inLanguage\":\"en-US\",\"potentialAction\":[{\"@type\":\"ReadAction\",\"target\":[\"https:\/\/lesbullesdor.ch\/en\/our-vintages\/\"]}]},{\"@type\":\"ImageObject\",\"inLanguage\":\"en-US\",\"@id\":\"https:\/\/lesbullesdor.ch\/en\/our-vintages\/#primaryimage\",\"url\":\"https:\/\/lesbullesdor.ch\/wp-content\/uploads\/2025\/05\/monaco-1.png\",\"contentUrl\":\"https:\/\/lesbullesdor.ch\/wp-content\/uploads\/2025\/05\/monaco-1.png\"},{\"@type\":\"BreadcrumbList\",\"@id\":\"https:\/\/lesbullesdor.ch\/en\/our-vintages\/#breadcrumb\",\"itemListElement\":[{\"@type\":\"ListItem\",\"position\":1,\"name\":\"Home\",\"item\":\"https:\/\/lesbullesdor.ch\/\"},{\"@type\":\"ListItem\",\"position\":2,\"name\":\"Our Vintages\"}]},{\"@type\":\"WebSite\",\"@id\":\"https:\/\/lesbullesdor.ch\/#website\",\"url\":\"https:\/\/lesbullesdor.ch\/\",\"name\":\"Les Bulles d'Or SA\",\"description\":\"Les Bulles d&#039;Or SA\",\"publisher\":{\"@id\":\"https:\/\/lesbullesdor.ch\/#organization\"},\"potentialAction\":[{\"@type\":\"SearchAction\",\"target\":{\"@type\":\"EntryPoint\",\"urlTemplate\":\"https:\/\/lesbullesdor.ch\/?s={search_term_string}\"},\"query-input\":{\"@type\":\"PropertyValueSpecification\",\"valueRequired\":true,\"valueName\":\"search_term_string\"}}],\"inLanguage\":\"en-US\"},{\"@type\":\"Organization\",\"@id\":\"https:\/\/lesbullesdor.ch\/#organization\",\"name\":\"Les Bulles d'Or SA\",\"url\":\"https:\/\/lesbullesdor.ch\/\",\"logo\":{\"@type\":\"ImageObject\",\"inLanguage\":\"en-US\",\"@id\":\"https:\/\/lesbullesdor.ch\/#\/schema\/logo\/image\/\",\"url\":\"https:\/\/lesbullesdor.ch\/wp-content\/uploads\/2025\/05\/Les-Bulles-dOr-SA.png\",\"contentUrl\":\"https:\/\/lesbullesdor.ch\/wp-content\/uploads\/2025\/05\/Les-Bulles-dOr-SA.png\",\"width\":300,\"height\":301,\"caption\":\"Les Bulles d'Or SA\"},\"image\":{\"@id\":\"https:\/\/lesbullesdor.ch\/#\/schema\/logo\/image\/\"}}]}<\/script>\n<!-- \/ Yoast SEO plugin. -->","yoast_head_json":{"title":"Our Vintages - Les Bulles d&#039;Or SA","robots":{"index":"index","follow":"follow","max-snippet":"max-snippet:-1","max-image-preview":"max-image-preview:large","max-video-preview":"max-video-preview:-1"},"canonical":"https:\/\/lesbullesdor.ch\/en\/our-vintages\/","og_locale":"en_US","og_type":"article","og_title":"Our Vintages - Les Bulles d&#039;Or SA","og_description":"Champagnes and Wines of the Prince of Monaco&#8217;s Carabinieri Champagne Cuv\u00e9eof the Prince of Monaco&#8217;s Carabinieri Cuv\u00e9e from \u00c9toges and Courtemont-Varennes, vinified separately and aged 3 years on lees for optimal aromatic richness. Learn more Red Wine of the Prince of Monaco&#8217;s Carabinieri Prince de Monaco, cuv\u00e9e Saint S\u00e9bastien, reveals a purple color and aromas [&hellip;]","og_url":"https:\/\/lesbullesdor.ch\/en\/our-vintages\/","og_site_name":"Les Bulles d&#039;Or SA","article_modified_time":"2025-05-28T16:21:58+00:00","og_image":[{"url":"https:\/\/lesbullesdor.ch\/wp-content\/uploads\/2025\/05\/monaco-1.png","type":"","width":"","height":""}],"twitter_card":"summary_large_image","twitter_misc":{"Est. reading time":"1 minute"},"schema":{"@context":"https:\/\/schema.org","@graph":[{"@type":"WebPage","@id":"https:\/\/lesbullesdor.ch\/en\/our-vintages\/","url":"https:\/\/lesbullesdor.ch\/en\/our-vintages\/","name":"Our Vintages - Les Bulles d&#039;Or SA","isPartOf":{"@id":"https:\/\/lesbullesdor.ch\/#website"},"primaryImageOfPage":{"@id":"https:\/\/lesbullesdor.ch\/en\/our-vintages\/#primaryimage"},"image":{"@id":"https:\/\/lesbullesdor.ch\/en\/our-vintages\/#primaryimage"},"thumbnailUrl":"https:\/\/lesbullesdor.ch\/wp-content\/uploads\/2025\/05\/monaco-1.png","datePublished":"2025-05-12T08:40:37+00:00","dateModified":"2025-05-28T16:21:58+00:00","breadcrumb":{"@id":"https:\/\/lesbullesdor.ch\/en\/our-vintages\/#breadcrumb"},"inLanguage":"en-US","potentialAction":[{"@type":"ReadAction","target":["https:\/\/lesbullesdor.ch\/en\/our-vintages\/"]}]},{"@type":"ImageObject","inLanguage":"en-US","@id":"https:\/\/lesbullesdor.ch\/en\/our-vintages\/#primaryimage","url":"https:\/\/lesbullesdor.ch\/wp-content\/uploads\/2025\/05\/monaco-1.png","contentUrl":"https:\/\/lesbullesdor.ch\/wp-content\/uploads\/2025\/05\/monaco-1.png"},{"@type":"BreadcrumbList","@id":"https:\/\/lesbullesdor.ch\/en\/our-vintages\/#breadcrumb","itemListElement":[{"@type":"ListItem","position":1,"name":"Home","item":"https:\/\/lesbullesdor.ch\/"},{"@type":"ListItem","position":2,"name":"Our Vintages"}]},{"@type":"WebSite","@id":"https:\/\/lesbullesdor.ch\/#website","url":"https:\/\/lesbullesdor.ch\/","name":"Les Bulles d'Or SA","description":"Les Bulles d&#039;Or SA","publisher":{"@id":"https:\/\/lesbullesdor.ch\/#organization"},"potentialAction":[{"@type":"SearchAction","target":{"@type":"EntryPoint","urlTemplate":"https:\/\/lesbullesdor.ch\/?s={search_term_string}"},"query-input":{"@type":"PropertyValueSpecification","valueRequired":true,"valueName":"search_term_string"}}],"inLanguage":"en-US"},{"@type":"Organization","@id":"https:\/\/lesbullesdor.ch\/#organization","name":"Les Bulles d'Or SA","url":"https:\/\/lesbullesdor.ch\/","logo":{"@type":"ImageObject","inLanguage":"en-US","@id":"https:\/\/lesbullesdor.ch\/#\/schema\/logo\/image\/","url":"https:\/\/lesbullesdor.ch\/wp-content\/uploads\/2025\/05\/Les-Bulles-dOr-SA.png","contentUrl":"https:\/\/lesbullesdor.ch\/wp-content\/uploads\/2025\/05\/Les-Bulles-dOr-SA.png","width":300,"height":301,"caption":"Les Bulles d'Or SA"},"image":{"@id":"https:\/\/lesbullesdor.ch\/#\/schema\/logo\/image\/"}}]}},"_links":{"self":[{"href":"https:\/\/lesbullesdor.ch\/en\/wp-json\/wp\/v2\/pages\/2335","targetHints":{"allow":["GET"]}}],"collection":[{"href":"https:\/\/lesbullesdor.ch\/en\/wp-json\/wp\/v2\/pages"}],"about":[{"href":"https:\/\/lesbullesdor.ch\/en\/wp-json\/wp\/v2\/types\/page"}],"author":[{"embeddable":true,"href":"https:\/\/lesbullesdor.ch\/en\/wp-json\/wp\/v2\/users\/1"}],"replies":[{"embeddable":true,"href":"https:\/\/lesbullesdor.ch\/en\/wp-json\/wp\/v2\/comments?post=2335"}],"version-history":[{"count":0,"href":"https:\/\/lesbullesdor.ch\/en\/wp-json\/wp\/v2\/pages\/2335\/revisions"}],"wp:attachment":[{"href":"https:\/\/lesbullesdor.ch\/en\/wp-json\/wp\/v2\/media?parent=2335"}],"curies":[{"name":"wp","href":"https:\/\/api.w.org\/{rel}","templated":true}]}}